{"id":7823,"date":"2025-11-05T17:08:12","date_gmt":"2025-11-05T16:08:12","guid":{"rendered":"http:\/\/192.168.99.250\/lift\/?page_id=7823"},"modified":"2026-02-23T14:54:46","modified_gmt":"2026-02-23T13:54:46","slug":"v1-1-mentions-legales-es","status":"publish","type":"page","link":"https:\/\/www.sprinte.eu\/lift\/index.php\/es\/v1-1-mentions-legales-es\/","title":{"rendered":"V1.1 Mentions l\u00e9gales ES"},"content":{"rendered":"\t\t<div data-elementor-type=\"wp-page\" data-elementor-id=\"7823\" class=\"elementor elementor-7823\" data-elementor-post-type=\"page\">\n\t\t\t\t<div class=\"elementor-element elementor-element-49a7da4 e-con-full e-flex e-con e-parent\" data-id=\"49a7da4\" data-element_type=\"container\" data-e-type=\"container\" data-settings=\"{&quot;background_background&quot;:&quot;classic&quot;}\">\n\t\t<div class=\"elementor-element elementor-element-0201cb4 e-con-full e-flex e-con e-child\" data-id=\"0201cb4\" data-element_type=\"container\" data-e-type=\"container\">\n\t\t\t\t<div class=\"elementor-element elementor-element-57add23 elementor-widget elementor-widget-heading\" data-id=\"57add23\" data-element_type=\"widget\" data-e-type=\"widget\" data-widget_type=\"heading.default\">\n\t\t\t\t<div class=\"elementor-widget-container\">\n\t\t\t\t\t<h2 class=\"elementor-heading-title elementor-size-default\">Informaci\u00f3n legal<\/h2>\t\t\t\t<\/div>\n\t\t\t\t<\/div>\n\t\t\t\t<\/div>\n\t\t\t\t<\/div>\n\t\t<div class=\"elementor-element elementor-element-166a706 e-flex e-con-boxed e-con e-parent\" data-id=\"166a706\" data-element_type=\"container\" data-e-type=\"container\">\n\t\t\t\t\t<div class=\"e-con-inner\">\n\t\t<div class=\"elementor-element elementor-element-965da7e e-con-full e-flex e-con e-child\" data-id=\"965da7e\" data-element_type=\"container\" data-e-type=\"container\">\n\t\t<div class=\"elementor-element elementor-element-000b190 e-con-full e-flex e-con e-child\" data-id=\"000b190\" data-element_type=\"container\" data-e-type=\"container\">\n\t\t\t\t<\/div>\n\t\t<div class=\"elementor-element elementor-element-acdb6e7 e-con-full e-flex e-con e-child\" data-id=\"acdb6e7\" data-element_type=\"container\" data-e-type=\"container\">\n\t\t\t\t<\/div>\n\t\t\t\t<\/div>\n\t\t<div class=\"elementor-element elementor-element-9f80946 e-con-full e-flex e-con e-child\" data-id=\"9f80946\" data-element_type=\"container\" data-e-type=\"container\">\n\t\t<div class=\"elementor-element elementor-element-79e6d83 e-con-full e-flex e-con e-child\" data-id=\"79e6d83\" data-element_type=\"container\" data-e-type=\"container\">\n\t\t\t\t<div class=\"elementor-element elementor-element-992f823 elementor-widget elementor-widget-text-editor\" data-id=\"992f823\" data-element_type=\"widget\" data-e-type=\"widget\" data-widget_type=\"text-editor.default\">\n\t\t\t\t<div class=\"elementor-widget-container\">\n\t\t\t\t\t\t\t\t\t<p data-start=\"366\" data-end=\"751\">Descargue a continuaci\u00f3n la informaci\u00f3n legal correspondiente.<\/p>\t\t\t\t\t\t\t\t<\/div>\n\t\t\t\t<\/div>\n\t\t\t\t<\/div>\n\t\t\t\t<\/div>\n\t\t\t\t\t<\/div>\n\t\t\t\t<\/div>\n\t\t<div class=\"elementor-element elementor-element-e8f6813 e-flex e-con-boxed e-con e-parent\" data-id=\"e8f6813\" data-element_type=\"container\" data-e-type=\"container\">\n\t\t\t\t\t<div class=\"e-con-inner\">\n\t\t\t\t<div class=\"elementor-element elementor-element-af9f1c0 elementor-widget elementor-widget-button\" data-id=\"af9f1c0\" data-element_type=\"widget\" data-e-type=\"widget\" data-widget_type=\"button.default\">\n\t\t\t\t<div class=\"elementor-widget-container\">\n\t\t\t\t\t\t\t\t\t<div class=\"elementor-button-wrapper\">\n\t\t\t\t\t<a class=\"elementor-button elementor-button-link elementor-size-sm elementor-animation-grow\" href=\"https:\/\/www.sprinte.eu\/lift\/index.php\/docs-fr\/#164-163-mentions-legales\">\n\t\t\t\t\t\t<span class=\"elementor-button-content-wrapper\">\n\t\t\t\t\t\t\t\t\t<span class=\"elementor-button-text\">Aviso legal<\/span>\n\t\t\t\t\t<\/span>\n\t\t\t\t\t<\/a>\n\t\t\t\t<\/div>\n\t\t\t\t\t\t\t\t<\/div>\n\t\t\t\t<\/div>\n\t\t\t\t<div class=\"elementor-element elementor-element-1571ce1 elementor-widget elementor-widget-button\" data-id=\"1571ce1\" data-element_type=\"widget\" data-e-type=\"widget\" data-widget_type=\"button.default\">\n\t\t\t\t<div class=\"elementor-widget-container\">\n\t\t\t\t\t\t\t\t\t<div class=\"elementor-button-wrapper\">\n\t\t\t\t\t<a class=\"elementor-button elementor-button-link elementor-size-sm elementor-animation-grow\" href=\"https:\/\/www.sprinte.eu\/lift\/index.php\/docs-fr\/#164-162-politique-de-confidentialite\">\n\t\t\t\t\t\t<span class=\"elementor-button-content-wrapper\">\n\t\t\t\t\t\t\t\t\t<span class=\"elementor-button-text\">Pol\u00edtica de privacidad<\/span>\n\t\t\t\t\t<\/span>\n\t\t\t\t\t<\/a>\n\t\t\t\t<\/div>\n\t\t\t\t\t\t\t\t<\/div>\n\t\t\t\t<\/div>\n\t\t\t\t<div class=\"elementor-element elementor-element-2bfc438 elementor-widget elementor-widget-button\" data-id=\"2bfc438\" data-element_type=\"widget\" data-e-type=\"widget\" data-widget_type=\"button.default\">\n\t\t\t\t<div class=\"elementor-widget-container\">\n\t\t\t\t\t\t\t\t\t<div class=\"elementor-button-wrapper\">\n\t\t\t\t\t<a class=\"elementor-button elementor-button-link elementor-size-sm elementor-animation-grow\" href=\"https:\/\/www.sprinte.eu\/lift\/index.php\/docs-fr\/#164-165-conditions-generales-de-vente\">\n\t\t\t\t\t\t<span class=\"elementor-button-content-wrapper\">\n\t\t\t\t\t\t\t\t\t<span class=\"elementor-button-text\">Condiciones generales de venta<\/span>\n\t\t\t\t\t<\/span>\n\t\t\t\t\t<\/a>\n\t\t\t\t<\/div>\n\t\t\t\t\t\t\t\t<\/div>\n\t\t\t\t<\/div>\n\t\t\t\t\t<\/div>\n\t\t\t\t<\/div>\n\t\t<div class=\"elementor-element elementor-element-04ed5c4 e-con-full e-flex e-con e-parent\" data-id=\"04ed5c4\" data-element_type=\"container\" data-e-type=\"container\" data-settings=\"{&quot;background_background&quot;:&quot;classic&quot;}\">\n\t\t\t\t<div class=\"elementor-element elementor-element-1854439 elementor-align-center elementor-widget elementor-widget-button\" data-id=\"1854439\" data-element_type=\"widget\" data-e-type=\"widget\" data-widget_type=\"button.default\">\n\t\t\t\t<div class=\"elementor-widget-container\">\n\t\t\t\t\t\t\t\t\t<div class=\"elementor-button-wrapper\">\n\t\t\t\t\t<a class=\"elementor-button elementor-button-link elementor-size-sm elementor-animation-grow\" href=\"http:\/\/192.168.99.250\/lift\/index.php\/es\/v1-page-accueil-es\/\">\n\t\t\t\t\t\t<span class=\"elementor-button-content-wrapper\">\n\t\t\t\t\t\t<span class=\"elementor-button-icon\">\n\t\t\t\t<svg aria-hidden=\"true\" class=\"e-font-icon-svg e-fas-arrow-left\" viewBox=\"0 0 448 512\" xmlns=\"http:\/\/www.w3.org\/2000\/svg\"><path d=\"M257.5 445.1l-22.2 22.2c-9.4 9.4-24.6 9.4-33.9 0L7 273c-9.4-9.4-9.4-24.6 0-33.9L201.4 44.7c9.4-9.4 24.6-9.4 33.9 0l22.2 22.2c9.5 9.5 9.3 25-.4 34.3L136.6 216H424c13.3 0 24 10.7 24 24v32c0 13.3-10.7 24-24 24H136.6l120.5 114.8c9.8 9.3 10 24.8.4 34.3z\"><\/path><\/svg>\t\t\t<\/span>\n\t\t\t\t\t\t\t\t\t<span class=\"elementor-button-text\">Volver a la p\u00e1gina de inicio<\/span>\n\t\t\t\t\t<\/span>\n\t\t\t\t\t<\/a>\n\t\t\t\t<\/div>\n\t\t\t\t\t\t\t\t<\/div>\n\t\t\t\t<\/div>\n\t\t\t\t<\/div>\n\t\t\t\t<\/div>\n\t\t","protected":false},"excerpt":{"rendered":"<p>Informaci\u00f3n legal Descargue a continuaci\u00f3n la informaci\u00f3n legal correspondiente. Aviso legal Pol\u00edtica de privacidad Condiciones generales de venta Volver a la p\u00e1gina de inicio<\/p>\n","protected":false},"author":1,"featured_media":0,"parent":0,"menu_order":0,"comment_status":"closed","ping_status":"closed","template":"","meta":{"footnotes":""},"class_list":["post-7823","page","type-page","status-publish","hentry"],"yoast_head":"<!-- This site is optimized with the Yoast SEO plugin v27.0 - https:\/\/yoast.com\/product\/yoast-seo-wordpress\/ -->\n<title>V1.1 Mentions l\u00e9gales ES - Sprinte - Solutions pour ascenseurs<\/title>\n<meta name=\"robots\" content=\"index, follow, max-snippet:-1, max-image-preview:large, max-video-preview:-1\" \/>\n<link rel=\"canonical\" href=\"https:\/\/www.sprinte.eu\/lift\/index.php\/es\/v1-1-mentions-legales-es\/\" \/>\n<meta property=\"og:locale\" content=\"fr_FR\" \/>\n<meta property=\"og:type\" content=\"article\" \/>\n<meta property=\"og:title\" content=\"V1.1 Mentions l\u00e9gales ES - Sprinte - Solutions pour ascenseurs\" \/>\n<meta property=\"og:description\" content=\"Informaci\u00f3n legal Descargue a continuaci\u00f3n la informaci\u00f3n legal correspondiente. Aviso legal Pol\u00edtica de privacidad Condiciones generales de venta Volver a la p\u00e1gina de inicio\" \/>\n<meta property=\"og:url\" content=\"https:\/\/www.sprinte.eu\/lift\/index.php\/es\/v1-1-mentions-legales-es\/\" \/>\n<meta property=\"og:site_name\" content=\"Sprinte - Solutions pour ascenseurs\" \/>\n<meta property=\"article:modified_time\" content=\"2026-02-23T13:54:46+00:00\" \/>\n<meta name=\"twitter:card\" content=\"summary_large_image\" \/>\n<script type=\"application\/ld+json\" class=\"yoast-schema-graph\">{\"@context\":\"https:\/\/schema.org\",\"@graph\":[{\"@type\":\"WebPage\",\"@id\":\"https:\/\/www.sprinte.eu\/lift\/index.php\/es\/v1-1-mentions-legales-es\/\",\"url\":\"https:\/\/www.sprinte.eu\/lift\/index.php\/es\/v1-1-mentions-legales-es\/\",\"name\":\"V1.1 Mentions l\u00e9gales ES - Sprinte - Solutions pour ascenseurs\",\"isPartOf\":{\"@id\":\"https:\/\/www.sprinte.eu\/lift\/#website\"},\"datePublished\":\"2025-11-05T16:08:12+00:00\",\"dateModified\":\"2026-02-23T13:54:46+00:00\",\"breadcrumb\":{\"@id\":\"https:\/\/www.sprinte.eu\/lift\/index.php\/es\/v1-1-mentions-legales-es\/#breadcrumb\"},\"inLanguage\":\"fr-FR\",\"potentialAction\":[{\"@type\":\"ReadAction\",\"target\":[\"https:\/\/www.sprinte.eu\/lift\/index.php\/es\/v1-1-mentions-legales-es\/\"]}]},{\"@type\":\"BreadcrumbList\",\"@id\":\"https:\/\/www.sprinte.eu\/lift\/index.php\/es\/v1-1-mentions-legales-es\/#breadcrumb\",\"itemListElement\":[{\"@type\":\"ListItem\",\"position\":1,\"name\":\"Accueil\",\"item\":\"https:\/\/www.sprinte.eu\/lift\/\"},{\"@type\":\"ListItem\",\"position\":2,\"name\":\"V1.1 Mentions l\u00e9gales ES\"}]},{\"@type\":\"WebSite\",\"@id\":\"https:\/\/www.sprinte.eu\/lift\/#website\",\"url\":\"https:\/\/www.sprinte.eu\/lift\/\",\"name\":\"Sprinte - Solutions pour ascenseurs\",\"description\":\"\",\"publisher\":{\"@id\":\"https:\/\/www.sprinte.eu\/lift\/#organization\"},\"potentialAction\":[{\"@type\":\"SearchAction\",\"target\":{\"@type\":\"EntryPoint\",\"urlTemplate\":\"https:\/\/www.sprinte.eu\/lift\/?s={search_term_string}\"},\"query-input\":{\"@type\":\"PropertyValueSpecification\",\"valueRequired\":true,\"valueName\":\"search_term_string\"}}],\"inLanguage\":\"fr-FR\"},{\"@type\":\"Organization\",\"@id\":\"https:\/\/www.sprinte.eu\/lift\/#organization\",\"name\":\"Sprinte - Solutions pour ascenseurs\",\"url\":\"https:\/\/www.sprinte.eu\/lift\/\",\"logo\":{\"@type\":\"ImageObject\",\"inLanguage\":\"fr-FR\",\"@id\":\"https:\/\/www.sprinte.eu\/lift\/#\/schema\/logo\/image\/\",\"url\":\"https:\/\/www.sprinte.eu\/lift\/wp-content\/uploads\/2024\/07\/new_logo_sprinte_vectoriel.png\",\"contentUrl\":\"https:\/\/www.sprinte.eu\/lift\/wp-content\/uploads\/2024\/07\/new_logo_sprinte_vectoriel.png\",\"width\":700,\"height\":135,\"caption\":\"Sprinte - Solutions pour ascenseurs\"},\"image\":{\"@id\":\"https:\/\/www.sprinte.eu\/lift\/#\/schema\/logo\/image\/\"}}]}<\/script>\n<!-- \/ Yoast SEO plugin. -->","yoast_head_json":{"title":"V1.1 Mentions l\u00e9gales ES - Sprinte - Solutions pour ascenseurs","robots":{"index":"index","follow":"follow","max-snippet":"max-snippet:-1","max-image-preview":"max-image-preview:large","max-video-preview":"max-video-preview:-1"},"canonical":"https:\/\/www.sprinte.eu\/lift\/index.php\/es\/v1-1-mentions-legales-es\/","og_locale":"fr_FR","og_type":"article","og_title":"V1.1 Mentions l\u00e9gales ES - Sprinte - Solutions pour ascenseurs","og_description":"Informaci\u00f3n legal Descargue a continuaci\u00f3n la informaci\u00f3n legal correspondiente. Aviso legal Pol\u00edtica de privacidad Condiciones generales de venta Volver a la p\u00e1gina de inicio","og_url":"https:\/\/www.sprinte.eu\/lift\/index.php\/es\/v1-1-mentions-legales-es\/","og_site_name":"Sprinte - Solutions pour ascenseurs","article_modified_time":"2026-02-23T13:54:46+00:00","twitter_card":"summary_large_image","schema":{"@context":"https:\/\/schema.org","@graph":[{"@type":"WebPage","@id":"https:\/\/www.sprinte.eu\/lift\/index.php\/es\/v1-1-mentions-legales-es\/","url":"https:\/\/www.sprinte.eu\/lift\/index.php\/es\/v1-1-mentions-legales-es\/","name":"V1.1 Mentions l\u00e9gales ES - Sprinte - Solutions pour ascenseurs","isPartOf":{"@id":"https:\/\/www.sprinte.eu\/lift\/#website"},"datePublished":"2025-11-05T16:08:12+00:00","dateModified":"2026-02-23T13:54:46+00:00","breadcrumb":{"@id":"https:\/\/www.sprinte.eu\/lift\/index.php\/es\/v1-1-mentions-legales-es\/#breadcrumb"},"inLanguage":"fr-FR","potentialAction":[{"@type":"ReadAction","target":["https:\/\/www.sprinte.eu\/lift\/index.php\/es\/v1-1-mentions-legales-es\/"]}]},{"@type":"BreadcrumbList","@id":"https:\/\/www.sprinte.eu\/lift\/index.php\/es\/v1-1-mentions-legales-es\/#breadcrumb","itemListElement":[{"@type":"ListItem","position":1,"name":"Accueil","item":"https:\/\/www.sprinte.eu\/lift\/"},{"@type":"ListItem","position":2,"name":"V1.1 Mentions l\u00e9gales ES"}]},{"@type":"WebSite","@id":"https:\/\/www.sprinte.eu\/lift\/#website","url":"https:\/\/www.sprinte.eu\/lift\/","name":"Sprinte - Solutions pour ascenseurs","description":"","publisher":{"@id":"https:\/\/www.sprinte.eu\/lift\/#organization"},"potentialAction":[{"@type":"SearchAction","target":{"@type":"EntryPoint","urlTemplate":"https:\/\/www.sprinte.eu\/lift\/?s={search_term_string}"},"query-input":{"@type":"PropertyValueSpecification","valueRequired":true,"valueName":"search_term_string"}}],"inLanguage":"fr-FR"},{"@type":"Organization","@id":"https:\/\/www.sprinte.eu\/lift\/#organization","name":"Sprinte - Solutions pour ascenseurs","url":"https:\/\/www.sprinte.eu\/lift\/","logo":{"@type":"ImageObject","inLanguage":"fr-FR","@id":"https:\/\/www.sprinte.eu\/lift\/#\/schema\/logo\/image\/","url":"https:\/\/www.sprinte.eu\/lift\/wp-content\/uploads\/2024\/07\/new_logo_sprinte_vectoriel.png","contentUrl":"https:\/\/www.sprinte.eu\/lift\/wp-content\/uploads\/2024\/07\/new_logo_sprinte_vectoriel.png","width":700,"height":135,"caption":"Sprinte - Solutions pour ascenseurs"},"image":{"@id":"https:\/\/www.sprinte.eu\/lift\/#\/schema\/logo\/image\/"}}]}},"_links":{"self":[{"href":"https:\/\/www.sprinte.eu\/lift\/index.php\/wp-json\/wp\/v2\/pages\/7823","targetHints":{"allow":["GET"]}}],"collection":[{"href":"https:\/\/www.sprinte.eu\/lift\/index.php\/wp-json\/wp\/v2\/pages"}],"about":[{"href":"https:\/\/www.sprinte.eu\/lift\/index.php\/wp-json\/wp\/v2\/types\/page"}],"author":[{"embeddable":true,"href":"https:\/\/www.sprinte.eu\/lift\/index.php\/wp-json\/wp\/v2\/users\/1"}],"replies":[{"embeddable":true,"href":"https:\/\/www.sprinte.eu\/lift\/index.php\/wp-json\/wp\/v2\/comments?post=7823"}],"version-history":[{"count":16,"href":"https:\/\/www.sprinte.eu\/lift\/index.php\/wp-json\/wp\/v2\/pages\/7823\/revisions"}],"predecessor-version":[{"id":10479,"href":"https:\/\/www.sprinte.eu\/lift\/index.php\/wp-json\/wp\/v2\/pages\/7823\/revisions\/10479"}],"wp:attachment":[{"href":"https:\/\/www.sprinte.eu\/lift\/index.php\/wp-json\/wp\/v2\/media?parent=7823"}],"curies":[{"name":"wp","href":"https:\/\/api.w.org\/{rel}","templated":true}]}}