{"id":7690,"date":"2025-11-05T14:26:58","date_gmt":"2025-11-05T13:26:58","guid":{"rendered":"http:\/\/192.168.99.250\/lift\/?page_id=7690"},"modified":"2026-02-23T16:18:54","modified_gmt":"2026-02-23T15:18:54","slug":"v1-espace-client-es","status":"publish","type":"page","link":"https:\/\/www.sprinte.eu\/lift\/index.php\/es\/v1-espace-client-es\/","title":{"rendered":"V1 Espace client ES"},"content":{"rendered":"\t\t<div data-elementor-type=\"wp-page\" data-elementor-id=\"7690\" class=\"elementor elementor-7690\" data-elementor-post-type=\"page\">\n\t\t\t\t<div class=\"elementor-element elementor-element-453d087 e-con-full elementor-hidden-tablet elementor-hidden-mobile e-flex e-con e-parent\" data-id=\"453d087\" data-element_type=\"container\" data-e-type=\"container\">\n\t\t<div class=\"elementor-element elementor-element-ffa9c25 e-con-full e-flex e-con e-child\" data-id=\"ffa9c25\" data-element_type=\"container\" data-e-type=\"container\" data-settings=\"{&quot;background_background&quot;:&quot;classic&quot;}\">\n\t\t<div class=\"elementor-element elementor-element-ff503d7 e-con-full e-flex e-con e-child\" data-id=\"ff503d7\" data-element_type=\"container\" data-e-type=\"container\">\n\t\t\t\t<div class=\"elementor-element elementor-element-77d0e91 elementor-widget elementor-widget-heading\" data-id=\"77d0e91\" data-element_type=\"widget\" data-e-type=\"widget\" data-widget_type=\"heading.default\">\n\t\t\t\t<div class=\"elementor-widget-container\">\n\t\t\t\t\t<h2 class=\"elementor-heading-title elementor-size-default\">\u00c1rea de clientes<\/h2>\t\t\t\t<\/div>\n\t\t\t\t<\/div>\n\t\t\t\t<\/div>\n\t\t\t\t<\/div>\n\t\t<div class=\"elementor-element elementor-element-28014c6 e-flex e-con-boxed e-con e-child\" data-id=\"28014c6\" data-element_type=\"container\" data-e-type=\"container\">\n\t\t\t\t\t<div class=\"e-con-inner\">\n\t\t<div class=\"elementor-element elementor-element-3d95fcf e-con-full e-flex e-con e-child\" data-id=\"3d95fcf\" data-element_type=\"container\" data-e-type=\"container\">\n\t\t<div class=\"elementor-element elementor-element-fb3a55d e-con-full e-flex e-con e-child\" data-id=\"fb3a55d\" data-element_type=\"container\" data-e-type=\"container\">\n\t\t\t\t<\/div>\n\t\t<div class=\"elementor-element elementor-element-1b7bd7b e-con-full e-flex e-con e-child\" data-id=\"1b7bd7b\" data-element_type=\"container\" data-e-type=\"container\">\n\t\t\t\t<\/div>\n\t\t\t\t<\/div>\n\t\t<div class=\"elementor-element elementor-element-99d76af e-con-full e-flex e-con e-child\" data-id=\"99d76af\" data-element_type=\"container\" data-e-type=\"container\">\n\t\t\t\t<div class=\"elementor-element elementor-element-81feda0 elementor-widget elementor-widget-text-editor\" data-id=\"81feda0\" data-element_type=\"widget\" data-e-type=\"widget\" data-widget_type=\"text-editor.default\">\n\t\t\t\t<div class=\"elementor-widget-container\">\n\t\t\t\t\t\t\t\t\t<h3 data-start=\"366\" data-end=\"751\"><strong>Bienvenido al \u00e1rea de clientes.<\/strong><\/h3>\t\t\t\t\t\t\t\t<\/div>\n\t\t\t\t<\/div>\n\t\t<div class=\"elementor-element elementor-element-bb28294 e-con-full e-flex e-con e-child\" data-id=\"bb28294\" data-element_type=\"container\" data-e-type=\"container\">\n\t\t\t\t<div class=\"elementor-element elementor-element-d3f699d elementor-widget elementor-widget-text-editor\" data-id=\"d3f699d\" data-element_type=\"widget\" data-e-type=\"widget\" data-widget_type=\"text-editor.default\">\n\t\t\t\t<div class=\"elementor-widget-container\">\n\t\t\t\t\t\t\t\t\t<p data-start=\"366\" data-end=\"751\">En esta secci\u00f3n encontrar\u00e1 todos los manuales de instalaci\u00f3n y uso, los DOE y los v\u00eddeos de formaci\u00f3n.<\/p>\t\t\t\t\t\t\t\t<\/div>\n\t\t\t\t<\/div>\n\t\t\t\t<\/div>\n\t\t\t\t<\/div>\n\t\t\t\t\t<\/div>\n\t\t\t\t<\/div>\n\t\t<div class=\"elementor-element elementor-element-94851e0 e-flex e-con-boxed e-con e-child\" data-id=\"94851e0\" data-element_type=\"container\" data-e-type=\"container\">\n\t\t\t\t\t<div class=\"e-con-inner\">\n\t\t\t\t<div class=\"elementor-element elementor-element-c7760fa elementor-widget elementor-widget-button\" data-id=\"c7760fa\" data-element_type=\"widget\" data-e-type=\"widget\" data-widget_type=\"button.default\">\n\t\t\t\t<div class=\"elementor-widget-container\">\n\t\t\t\t\t\t\t\t\t<div class=\"elementor-button-wrapper\">\n\t\t\t\t\t<a class=\"elementor-button elementor-button-link elementor-size-sm elementor-animation-grow\" href=\"https:\/\/sprintecloud.sprinte.eu\">\n\t\t\t\t\t\t<span class=\"elementor-button-content-wrapper\">\n\t\t\t\t\t\t\t\t\t<span class=\"elementor-button-text\">Iniciar sesi\u00f3n<\/span>\n\t\t\t\t\t<\/span>\n\t\t\t\t\t<\/a>\n\t\t\t\t<\/div>\n\t\t\t\t\t\t\t\t<\/div>\n\t\t\t\t<\/div>\n\t\t\t\t\t<\/div>\n\t\t\t\t<\/div>\n\t\t<div class=\"elementor-element elementor-element-a38c495 e-con-full e-flex e-con e-child\" data-id=\"a38c495\" data-element_type=\"container\" data-e-type=\"container\">\n\t\t\t\t<div class=\"elementor-element elementor-element-5d9d382 elementor-widget elementor-widget-heading\" data-id=\"5d9d382\" data-element_type=\"widget\" data-e-type=\"widget\" data-widget_type=\"heading.default\">\n\t\t\t\t<div class=\"elementor-widget-container\">\n\t\t\t\t\t<h2 class=\"elementor-heading-title elementor-size-default\"><a href=\"https:\/\/www.sprinte.eu\/lift\/index.php\/es\/v1-devenir-client-es\/\">No tengo cuenta<\/a><\/h2>\t\t\t\t<\/div>\n\t\t\t\t<\/div>\n\t\t\t\t<\/div>\n\t\t<div class=\"elementor-element elementor-element-f0cf92c e-con-full e-flex e-con e-child\" data-id=\"f0cf92c\" data-element_type=\"container\" data-e-type=\"container\" data-settings=\"{&quot;background_background&quot;:&quot;classic&quot;}\">\n\t\t\t\t<\/div>\n\t\t\t\t<\/div>\n\t\t<div class=\"elementor-element elementor-element-3100600 e-con-full elementor-hidden-desktop elementor-hidden-mobile e-flex e-con e-parent\" data-id=\"3100600\" data-element_type=\"container\" data-e-type=\"container\">\n\t\t<div class=\"elementor-element elementor-element-304fb0e e-con-full e-flex e-con e-child\" data-id=\"304fb0e\" data-element_type=\"container\" data-e-type=\"container\" data-settings=\"{&quot;background_background&quot;:&quot;classic&quot;}\">\n\t\t<div class=\"elementor-element elementor-element-491d5b2 e-con-full e-flex e-con e-child\" data-id=\"491d5b2\" data-element_type=\"container\" data-e-type=\"container\">\n\t\t\t\t<div class=\"elementor-element elementor-element-a2c7b70 elementor-widget elementor-widget-heading\" data-id=\"a2c7b70\" data-element_type=\"widget\" data-e-type=\"widget\" data-widget_type=\"heading.default\">\n\t\t\t\t<div class=\"elementor-widget-container\">\n\t\t\t\t\t<h2 class=\"elementor-heading-title elementor-size-default\">\u00c1rea de clientes<\/h2>\t\t\t\t<\/div>\n\t\t\t\t<\/div>\n\t\t\t\t<\/div>\n\t\t\t\t<\/div>\n\t\t<div class=\"elementor-element elementor-element-2e61450 e-flex e-con-boxed e-con e-child\" data-id=\"2e61450\" data-element_type=\"container\" data-e-type=\"container\">\n\t\t\t\t\t<div class=\"e-con-inner\">\n\t\t<div class=\"elementor-element elementor-element-97924d8 e-con-full e-flex e-con e-child\" data-id=\"97924d8\" data-element_type=\"container\" data-e-type=\"container\">\n\t\t<div class=\"elementor-element elementor-element-0f35376 e-con-full e-flex e-con e-child\" data-id=\"0f35376\" data-element_type=\"container\" data-e-type=\"container\">\n\t\t\t\t<\/div>\n\t\t<div class=\"elementor-element elementor-element-053c133 e-con-full e-flex e-con e-child\" data-id=\"053c133\" data-element_type=\"container\" data-e-type=\"container\">\n\t\t\t\t<\/div>\n\t\t\t\t<\/div>\n\t\t<div class=\"elementor-element elementor-element-a784315 e-con-full e-flex e-con e-child\" data-id=\"a784315\" data-element_type=\"container\" data-e-type=\"container\">\n\t\t\t\t<div class=\"elementor-element elementor-element-476545c elementor-widget elementor-widget-text-editor\" data-id=\"476545c\" data-element_type=\"widget\" data-e-type=\"widget\" data-widget_type=\"text-editor.default\">\n\t\t\t\t<div class=\"elementor-widget-container\">\n\t\t\t\t\t\t\t\t\t<h3 data-start=\"366\" data-end=\"751\"><strong>Bienvenido al \u00e1rea de clientes.<\/strong><\/h3>\t\t\t\t\t\t\t\t<\/div>\n\t\t\t\t<\/div>\n\t\t<div class=\"elementor-element elementor-element-90d376e e-con-full e-flex e-con e-child\" data-id=\"90d376e\" data-element_type=\"container\" data-e-type=\"container\">\n\t\t\t\t<div class=\"elementor-element elementor-element-2cfc47f elementor-widget elementor-widget-text-editor\" data-id=\"2cfc47f\" data-element_type=\"widget\" data-e-type=\"widget\" data-widget_type=\"text-editor.default\">\n\t\t\t\t<div class=\"elementor-widget-container\">\n\t\t\t\t\t\t\t\t\t<p data-start=\"366\" data-end=\"751\">En esta secci\u00f3n encontrar\u00e1 todos los manuales de instalaci\u00f3n y uso, los DOE y los v\u00eddeos de formaci\u00f3n.<\/p>\t\t\t\t\t\t\t\t<\/div>\n\t\t\t\t<\/div>\n\t\t\t\t<\/div>\n\t\t\t\t<\/div>\n\t\t\t\t\t<\/div>\n\t\t\t\t<\/div>\n\t\t<div class=\"elementor-element elementor-element-9095085 e-flex e-con-boxed e-con e-child\" data-id=\"9095085\" data-element_type=\"container\" data-e-type=\"container\">\n\t\t\t\t\t<div class=\"e-con-inner\">\n\t\t\t\t<div class=\"elementor-element elementor-element-375a271 elementor-widget elementor-widget-button\" data-id=\"375a271\" data-element_type=\"widget\" data-e-type=\"widget\" data-widget_type=\"button.default\">\n\t\t\t\t<div class=\"elementor-widget-container\">\n\t\t\t\t\t\t\t\t\t<div class=\"elementor-button-wrapper\">\n\t\t\t\t\t<a class=\"elementor-button elementor-button-link elementor-size-sm elementor-animation-grow\" href=\"https:\/\/sprintecloud.sprinte.eu\">\n\t\t\t\t\t\t<span class=\"elementor-button-content-wrapper\">\n\t\t\t\t\t\t\t\t\t<span class=\"elementor-button-text\">Iniciar sesi\u00f3n<\/span>\n\t\t\t\t\t<\/span>\n\t\t\t\t\t<\/a>\n\t\t\t\t<\/div>\n\t\t\t\t\t\t\t\t<\/div>\n\t\t\t\t<\/div>\n\t\t\t\t\t<\/div>\n\t\t\t\t<\/div>\n\t\t<div class=\"elementor-element elementor-element-d648c0e e-con-full e-flex e-con e-child\" data-id=\"d648c0e\" data-element_type=\"container\" data-e-type=\"container\">\n\t\t\t\t<div class=\"elementor-element elementor-element-0a4517d elementor-widget elementor-widget-heading\" data-id=\"0a4517d\" data-element_type=\"widget\" data-e-type=\"widget\" data-widget_type=\"heading.default\">\n\t\t\t\t<div class=\"elementor-widget-container\">\n\t\t\t\t\t<h2 class=\"elementor-heading-title elementor-size-default\"><a href=\"https:\/\/www.sprinte.eu\/lift\/index.php\/es\/v1-devenir-client-es\/\">No tengo cuenta<\/a><\/h2>\t\t\t\t<\/div>\n\t\t\t\t<\/div>\n\t\t\t\t<\/div>\n\t\t<div class=\"elementor-element elementor-element-68906b6 e-con-full e-flex e-con e-child\" data-id=\"68906b6\" data-element_type=\"container\" data-e-type=\"container\" data-settings=\"{&quot;background_background&quot;:&quot;classic&quot;}\">\n\t\t\t\t<\/div>\n\t\t\t\t<\/div>\n\t\t<div class=\"elementor-element elementor-element-9e2a5b3 e-con-full elementor-hidden-desktop elementor-hidden-tablet e-flex e-con e-parent\" data-id=\"9e2a5b3\" data-element_type=\"container\" data-e-type=\"container\">\n\t\t<div class=\"elementor-element elementor-element-6e67616 e-con-full e-flex e-con e-child\" data-id=\"6e67616\" data-element_type=\"container\" data-e-type=\"container\" data-settings=\"{&quot;background_background&quot;:&quot;classic&quot;}\">\n\t\t<div class=\"elementor-element elementor-element-83a6d4d e-con-full e-flex e-con e-child\" data-id=\"83a6d4d\" data-element_type=\"container\" data-e-type=\"container\">\n\t\t\t\t<div class=\"elementor-element elementor-element-1ef75c1 elementor-widget elementor-widget-heading\" data-id=\"1ef75c1\" data-element_type=\"widget\" data-e-type=\"widget\" data-widget_type=\"heading.default\">\n\t\t\t\t<div class=\"elementor-widget-container\">\n\t\t\t\t\t<h2 class=\"elementor-heading-title elementor-size-default\">\u00c1rea de clientes<\/h2>\t\t\t\t<\/div>\n\t\t\t\t<\/div>\n\t\t\t\t<\/div>\n\t\t\t\t<\/div>\n\t\t<div class=\"elementor-element elementor-element-0754877 e-flex e-con-boxed e-con e-child\" data-id=\"0754877\" data-element_type=\"container\" data-e-type=\"container\">\n\t\t\t\t\t<div class=\"e-con-inner\">\n\t\t<div class=\"elementor-element elementor-element-e5b9335 e-con-full e-flex e-con e-child\" data-id=\"e5b9335\" data-element_type=\"container\" data-e-type=\"container\">\n\t\t\t\t<div class=\"elementor-element elementor-element-bca1639 elementor-widget elementor-widget-text-editor\" data-id=\"bca1639\" data-element_type=\"widget\" data-e-type=\"widget\" data-widget_type=\"text-editor.default\">\n\t\t\t\t<div class=\"elementor-widget-container\">\n\t\t\t\t\t\t\t\t\t<p data-start=\"366\" data-end=\"751\"><strong>Bienvenido al \u00e1rea de clientes.<\/strong><\/p>\t\t\t\t\t\t\t\t<\/div>\n\t\t\t\t<\/div>\n\t\t<div class=\"elementor-element elementor-element-02f5e2b e-con-full e-flex e-con e-child\" data-id=\"02f5e2b\" data-element_type=\"container\" data-e-type=\"container\">\n\t\t\t\t<div class=\"elementor-element elementor-element-2b5c592 elementor-widget elementor-widget-text-editor\" data-id=\"2b5c592\" data-element_type=\"widget\" data-e-type=\"widget\" data-widget_type=\"text-editor.default\">\n\t\t\t\t<div class=\"elementor-widget-container\">\n\t\t\t\t\t\t\t\t\t<p data-start=\"366\" data-end=\"751\">En esta secci\u00f3n encontrar\u00e1 todos los manuales de instalaci\u00f3n y uso, los DOE y los v\u00eddeos de formaci\u00f3n.<\/p>\t\t\t\t\t\t\t\t<\/div>\n\t\t\t\t<\/div>\n\t\t\t\t<\/div>\n\t\t\t\t<\/div>\n\t\t\t\t\t<\/div>\n\t\t\t\t<\/div>\n\t\t<div class=\"elementor-element elementor-element-9a606d6 e-flex e-con-boxed e-con e-child\" data-id=\"9a606d6\" data-element_type=\"container\" data-e-type=\"container\">\n\t\t\t\t\t<div class=\"e-con-inner\">\n\t\t\t\t<div class=\"elementor-element elementor-element-5aa3374 elementor-widget elementor-widget-button\" data-id=\"5aa3374\" data-element_type=\"widget\" data-e-type=\"widget\" data-widget_type=\"button.default\">\n\t\t\t\t<div class=\"elementor-widget-container\">\n\t\t\t\t\t\t\t\t\t<div class=\"elementor-button-wrapper\">\n\t\t\t\t\t<a class=\"elementor-button elementor-button-link elementor-size-sm elementor-animation-grow\" href=\"https:\/\/sprintecloud.sprinte.eu\">\n\t\t\t\t\t\t<span class=\"elementor-button-content-wrapper\">\n\t\t\t\t\t\t\t\t\t<span class=\"elementor-button-text\">Iniciar sesi\u00f3n<\/span>\n\t\t\t\t\t<\/span>\n\t\t\t\t\t<\/a>\n\t\t\t\t<\/div>\n\t\t\t\t\t\t\t\t<\/div>\n\t\t\t\t<\/div>\n\t\t\t\t\t<\/div>\n\t\t\t\t<\/div>\n\t\t<div class=\"elementor-element elementor-element-4205442 e-con-full e-flex e-con e-child\" data-id=\"4205442\" data-element_type=\"container\" data-e-type=\"container\">\n\t\t\t\t<div class=\"elementor-element elementor-element-c15499b elementor-widget elementor-widget-heading\" data-id=\"c15499b\" data-element_type=\"widget\" data-e-type=\"widget\" data-widget_type=\"heading.default\">\n\t\t\t\t<div class=\"elementor-widget-container\">\n\t\t\t\t\t<h2 class=\"elementor-heading-title elementor-size-default\"><a href=\"https:\/\/www.sprinte.eu\/lift\/index.php\/es\/v1-devenir-client-es\/\">No tengo cuenta<\/a><\/h2>\t\t\t\t<\/div>\n\t\t\t\t<\/div>\n\t\t\t\t<\/div>\n\t\t<div class=\"elementor-element elementor-element-0f66431 e-con-full e-flex e-con e-child\" data-id=\"0f66431\" data-element_type=\"container\" data-e-type=\"container\" data-settings=\"{&quot;background_background&quot;:&quot;classic&quot;}\">\n\t\t\t\t<\/div>\n\t\t\t\t<\/div>\n\t\t\t\t<\/div>\n\t\t","protected":false},"excerpt":{"rendered":"<p>\u00c1rea de clientes Bienvenido al \u00e1rea de clientes. En esta secci\u00f3n encontrar\u00e1 todos los manuales de instalaci\u00f3n y uso, los DOE y los v\u00eddeos de formaci\u00f3n. Iniciar sesi\u00f3n No tengo cuenta \u00c1rea de clientes Bienvenido al \u00e1rea de clientes. En esta secci\u00f3n encontrar\u00e1 todos los manuales de instalaci\u00f3n y uso, los DOE y los v\u00eddeos [&hellip;]<\/p>\n","protected":false},"author":1,"featured_media":0,"parent":0,"menu_order":0,"comment_status":"closed","ping_status":"closed","template":"","meta":{"footnotes":""},"class_list":["post-7690","page","type-page","status-publish","hentry"],"yoast_head":"<!-- This site is optimized with the Yoast SEO plugin v27.0 - https:\/\/yoast.com\/product\/yoast-seo-wordpress\/ -->\n<title>V1 Espace client ES - Sprinte - Solutions pour ascenseurs<\/title>\n<meta name=\"robots\" content=\"index, follow, max-snippet:-1, max-image-preview:large, max-video-preview:-1\" \/>\n<link rel=\"canonical\" href=\"https:\/\/www.sprinte.eu\/lift\/index.php\/es\/v1-espace-client-es\/\" \/>\n<meta property=\"og:locale\" content=\"fr_FR\" \/>\n<meta property=\"og:type\" content=\"article\" \/>\n<meta property=\"og:title\" content=\"V1 Espace client ES - Sprinte - Solutions pour ascenseurs\" \/>\n<meta property=\"og:description\" content=\"\u00c1rea de clientes Bienvenido al \u00e1rea de clientes. En esta secci\u00f3n encontrar\u00e1 todos los manuales de instalaci\u00f3n y uso, los DOE y los v\u00eddeos de formaci\u00f3n. Iniciar sesi\u00f3n No tengo cuenta \u00c1rea de clientes Bienvenido al \u00e1rea de clientes. En esta secci\u00f3n encontrar\u00e1 todos los manuales de instalaci\u00f3n y uso, los DOE y los v\u00eddeos [&hellip;]\" \/>\n<meta property=\"og:url\" content=\"https:\/\/www.sprinte.eu\/lift\/index.php\/es\/v1-espace-client-es\/\" \/>\n<meta property=\"og:site_name\" content=\"Sprinte - Solutions pour ascenseurs\" \/>\n<meta property=\"article:modified_time\" content=\"2026-02-23T15:18:54+00:00\" \/>\n<meta name=\"twitter:card\" content=\"summary_large_image\" \/>\n<meta name=\"twitter:label1\" content=\"Dur\u00e9e de lecture estim\u00e9e\" \/>\n\t<meta name=\"twitter:data1\" content=\"1 minute\" \/>\n<script type=\"application\/ld+json\" class=\"yoast-schema-graph\">{\"@context\":\"https:\/\/schema.org\",\"@graph\":[{\"@type\":\"WebPage\",\"@id\":\"https:\/\/www.sprinte.eu\/lift\/index.php\/es\/v1-espace-client-es\/\",\"url\":\"https:\/\/www.sprinte.eu\/lift\/index.php\/es\/v1-espace-client-es\/\",\"name\":\"V1 Espace client ES - Sprinte - Solutions pour ascenseurs\",\"isPartOf\":{\"@id\":\"https:\/\/www.sprinte.eu\/lift\/#website\"},\"datePublished\":\"2025-11-05T13:26:58+00:00\",\"dateModified\":\"2026-02-23T15:18:54+00:00\",\"breadcrumb\":{\"@id\":\"https:\/\/www.sprinte.eu\/lift\/index.php\/es\/v1-espace-client-es\/#breadcrumb\"},\"inLanguage\":\"fr-FR\",\"potentialAction\":[{\"@type\":\"ReadAction\",\"target\":[\"https:\/\/www.sprinte.eu\/lift\/index.php\/es\/v1-espace-client-es\/\"]}]},{\"@type\":\"BreadcrumbList\",\"@id\":\"https:\/\/www.sprinte.eu\/lift\/index.php\/es\/v1-espace-client-es\/#breadcrumb\",\"itemListElement\":[{\"@type\":\"ListItem\",\"position\":1,\"name\":\"Accueil\",\"item\":\"https:\/\/www.sprinte.eu\/lift\/\"},{\"@type\":\"ListItem\",\"position\":2,\"name\":\"V1 Espace client ES\"}]},{\"@type\":\"WebSite\",\"@id\":\"https:\/\/www.sprinte.eu\/lift\/#website\",\"url\":\"https:\/\/www.sprinte.eu\/lift\/\",\"name\":\"Sprinte - Solutions pour ascenseurs\",\"description\":\"\",\"publisher\":{\"@id\":\"https:\/\/www.sprinte.eu\/lift\/#organization\"},\"potentialAction\":[{\"@type\":\"SearchAction\",\"target\":{\"@type\":\"EntryPoint\",\"urlTemplate\":\"https:\/\/www.sprinte.eu\/lift\/?s={search_term_string}\"},\"query-input\":{\"@type\":\"PropertyValueSpecification\",\"valueRequired\":true,\"valueName\":\"search_term_string\"}}],\"inLanguage\":\"fr-FR\"},{\"@type\":\"Organization\",\"@id\":\"https:\/\/www.sprinte.eu\/lift\/#organization\",\"name\":\"Sprinte - Solutions pour ascenseurs\",\"url\":\"https:\/\/www.sprinte.eu\/lift\/\",\"logo\":{\"@type\":\"ImageObject\",\"inLanguage\":\"fr-FR\",\"@id\":\"https:\/\/www.sprinte.eu\/lift\/#\/schema\/logo\/image\/\",\"url\":\"https:\/\/www.sprinte.eu\/lift\/wp-content\/uploads\/2024\/07\/new_logo_sprinte_vectoriel.png\",\"contentUrl\":\"https:\/\/www.sprinte.eu\/lift\/wp-content\/uploads\/2024\/07\/new_logo_sprinte_vectoriel.png\",\"width\":700,\"height\":135,\"caption\":\"Sprinte - Solutions pour ascenseurs\"},\"image\":{\"@id\":\"https:\/\/www.sprinte.eu\/lift\/#\/schema\/logo\/image\/\"}}]}<\/script>\n<!-- \/ Yoast SEO plugin. -->","yoast_head_json":{"title":"V1 Espace client ES - Sprinte - Solutions pour ascenseurs","robots":{"index":"index","follow":"follow","max-snippet":"max-snippet:-1","max-image-preview":"max-image-preview:large","max-video-preview":"max-video-preview:-1"},"canonical":"https:\/\/www.sprinte.eu\/lift\/index.php\/es\/v1-espace-client-es\/","og_locale":"fr_FR","og_type":"article","og_title":"V1 Espace client ES - Sprinte - Solutions pour ascenseurs","og_description":"\u00c1rea de clientes Bienvenido al \u00e1rea de clientes. En esta secci\u00f3n encontrar\u00e1 todos los manuales de instalaci\u00f3n y uso, los DOE y los v\u00eddeos de formaci\u00f3n. Iniciar sesi\u00f3n No tengo cuenta \u00c1rea de clientes Bienvenido al \u00e1rea de clientes. En esta secci\u00f3n encontrar\u00e1 todos los manuales de instalaci\u00f3n y uso, los DOE y los v\u00eddeos [&hellip;]","og_url":"https:\/\/www.sprinte.eu\/lift\/index.php\/es\/v1-espace-client-es\/","og_site_name":"Sprinte - Solutions pour ascenseurs","article_modified_time":"2026-02-23T15:18:54+00:00","twitter_card":"summary_large_image","twitter_misc":{"Dur\u00e9e de lecture estim\u00e9e":"1 minute"},"schema":{"@context":"https:\/\/schema.org","@graph":[{"@type":"WebPage","@id":"https:\/\/www.sprinte.eu\/lift\/index.php\/es\/v1-espace-client-es\/","url":"https:\/\/www.sprinte.eu\/lift\/index.php\/es\/v1-espace-client-es\/","name":"V1 Espace client ES - Sprinte - Solutions pour ascenseurs","isPartOf":{"@id":"https:\/\/www.sprinte.eu\/lift\/#website"},"datePublished":"2025-11-05T13:26:58+00:00","dateModified":"2026-02-23T15:18:54+00:00","breadcrumb":{"@id":"https:\/\/www.sprinte.eu\/lift\/index.php\/es\/v1-espace-client-es\/#breadcrumb"},"inLanguage":"fr-FR","potentialAction":[{"@type":"ReadAction","target":["https:\/\/www.sprinte.eu\/lift\/index.php\/es\/v1-espace-client-es\/"]}]},{"@type":"BreadcrumbList","@id":"https:\/\/www.sprinte.eu\/lift\/index.php\/es\/v1-espace-client-es\/#breadcrumb","itemListElement":[{"@type":"ListItem","position":1,"name":"Accueil","item":"https:\/\/www.sprinte.eu\/lift\/"},{"@type":"ListItem","position":2,"name":"V1 Espace client ES"}]},{"@type":"WebSite","@id":"https:\/\/www.sprinte.eu\/lift\/#website","url":"https:\/\/www.sprinte.eu\/lift\/","name":"Sprinte - Solutions pour ascenseurs","description":"","publisher":{"@id":"https:\/\/www.sprinte.eu\/lift\/#organization"},"potentialAction":[{"@type":"SearchAction","target":{"@type":"EntryPoint","urlTemplate":"https:\/\/www.sprinte.eu\/lift\/?s={search_term_string}"},"query-input":{"@type":"PropertyValueSpecification","valueRequired":true,"valueName":"search_term_string"}}],"inLanguage":"fr-FR"},{"@type":"Organization","@id":"https:\/\/www.sprinte.eu\/lift\/#organization","name":"Sprinte - Solutions pour ascenseurs","url":"https:\/\/www.sprinte.eu\/lift\/","logo":{"@type":"ImageObject","inLanguage":"fr-FR","@id":"https:\/\/www.sprinte.eu\/lift\/#\/schema\/logo\/image\/","url":"https:\/\/www.sprinte.eu\/lift\/wp-content\/uploads\/2024\/07\/new_logo_sprinte_vectoriel.png","contentUrl":"https:\/\/www.sprinte.eu\/lift\/wp-content\/uploads\/2024\/07\/new_logo_sprinte_vectoriel.png","width":700,"height":135,"caption":"Sprinte - Solutions pour ascenseurs"},"image":{"@id":"https:\/\/www.sprinte.eu\/lift\/#\/schema\/logo\/image\/"}}]}},"_links":{"self":[{"href":"https:\/\/www.sprinte.eu\/lift\/index.php\/wp-json\/wp\/v2\/pages\/7690","targetHints":{"allow":["GET"]}}],"collection":[{"href":"https:\/\/www.sprinte.eu\/lift\/index.php\/wp-json\/wp\/v2\/pages"}],"about":[{"href":"https:\/\/www.sprinte.eu\/lift\/index.php\/wp-json\/wp\/v2\/types\/page"}],"author":[{"embeddable":true,"href":"https:\/\/www.sprinte.eu\/lift\/index.php\/wp-json\/wp\/v2\/users\/1"}],"replies":[{"embeddable":true,"href":"https:\/\/www.sprinte.eu\/lift\/index.php\/wp-json\/wp\/v2\/comments?post=7690"}],"version-history":[{"count":37,"href":"https:\/\/www.sprinte.eu\/lift\/index.php\/wp-json\/wp\/v2\/pages\/7690\/revisions"}],"predecessor-version":[{"id":10561,"href":"https:\/\/www.sprinte.eu\/lift\/index.php\/wp-json\/wp\/v2\/pages\/7690\/revisions\/10561"}],"wp:attachment":[{"href":"https:\/\/www.sprinte.eu\/lift\/index.php\/wp-json\/wp\/v2\/media?parent=7690"}],"curies":[{"name":"wp","href":"https:\/\/api.w.org\/{rel}","templated":true}]}}