{"id":7040,"date":"2025-11-03T09:38:36","date_gmt":"2025-11-03T08:38:36","guid":{"rendered":"http:\/\/192.168.99.250\/lift\/?page_id=7040"},"modified":"2026-03-16T16:56:14","modified_gmt":"2026-03-16T15:56:14","slug":"espace-client","status":"publish","type":"page","link":"https:\/\/www.sprinte.eu\/lift\/index.php\/espace-client\/","title":{"rendered":"Espace client"},"content":{"rendered":"\t\t<div data-elementor-type=\"wp-page\" data-elementor-id=\"7040\" class=\"elementor elementor-7040\" data-elementor-post-type=\"page\">\n\t\t\t\t<div class=\"elementor-element elementor-element-8d511a2 e-con-full elementor-hidden-tablet elementor-hidden-mobile e-flex e-con e-parent\" data-id=\"8d511a2\" data-element_type=\"container\" data-e-type=\"container\">\n\t\t<div class=\"elementor-element elementor-element-84e8f3b e-con-full e-flex e-con e-child\" data-id=\"84e8f3b\" data-element_type=\"container\" data-e-type=\"container\" data-settings=\"{&quot;background_background&quot;:&quot;classic&quot;}\">\n\t\t<div class=\"elementor-element elementor-element-4fc22a1 e-con-full e-flex e-con e-child\" data-id=\"4fc22a1\" data-element_type=\"container\" data-e-type=\"container\">\n\t\t\t\t<div class=\"elementor-element elementor-element-a2c6af0 elementor-widget elementor-widget-heading\" data-id=\"a2c6af0\" data-element_type=\"widget\" data-e-type=\"widget\" data-widget_type=\"heading.default\">\n\t\t\t\t<div class=\"elementor-widget-container\">\n\t\t\t\t\t<h2 class=\"elementor-heading-title elementor-size-default\">Espace client<\/h2>\t\t\t\t<\/div>\n\t\t\t\t<\/div>\n\t\t\t\t<\/div>\n\t\t\t\t<\/div>\n\t\t<div class=\"elementor-element elementor-element-28014c6 e-flex e-con-boxed e-con e-child\" data-id=\"28014c6\" data-element_type=\"container\" data-e-type=\"container\">\n\t\t\t\t\t<div class=\"e-con-inner\">\n\t\t<div class=\"elementor-element elementor-element-3d95fcf e-con-full e-flex e-con e-child\" data-id=\"3d95fcf\" data-element_type=\"container\" data-e-type=\"container\">\n\t\t<div class=\"elementor-element elementor-element-fb3a55d e-con-full e-flex e-con e-child\" data-id=\"fb3a55d\" data-element_type=\"container\" data-e-type=\"container\">\n\t\t\t\t<\/div>\n\t\t<div class=\"elementor-element elementor-element-1b7bd7b e-con-full e-flex e-con e-child\" data-id=\"1b7bd7b\" data-element_type=\"container\" data-e-type=\"container\">\n\t\t\t\t<\/div>\n\t\t\t\t<\/div>\n\t\t<div class=\"elementor-element elementor-element-99d76af e-con-full e-flex e-con e-child\" data-id=\"99d76af\" data-element_type=\"container\" data-e-type=\"container\">\n\t\t\t\t<div class=\"elementor-element elementor-element-81feda0 elementor-widget elementor-widget-text-editor\" data-id=\"81feda0\" data-element_type=\"widget\" data-e-type=\"widget\" data-widget_type=\"text-editor.default\">\n\t\t\t\t<div class=\"elementor-widget-container\">\n\t\t\t\t\t\t\t\t\t<h3 data-start=\"366\" data-end=\"751\"><b>Bienvenue dans l&rsquo;espace client.<\/b><\/h3>\t\t\t\t\t\t\t\t<\/div>\n\t\t\t\t<\/div>\n\t\t<div class=\"elementor-element elementor-element-bb28294 e-con-full e-flex e-con e-child\" data-id=\"bb28294\" data-element_type=\"container\" data-e-type=\"container\">\n\t\t\t\t<div class=\"elementor-element elementor-element-d3f699d elementor-widget elementor-widget-text-editor\" data-id=\"d3f699d\" data-element_type=\"widget\" data-e-type=\"widget\" data-widget_type=\"text-editor.default\">\n\t\t\t\t<div class=\"elementor-widget-container\">\n\t\t\t\t\t\t\t\t\t<p data-start=\"366\" data-end=\"751\">Vous trouverez dans cette rubrique tous les manuels d&rsquo;installation et d&rsquo;utilisation, les DOE ainsi que les vid\u00e9os de formations.<\/p>\t\t\t\t\t\t\t\t<\/div>\n\t\t\t\t<\/div>\n\t\t\t\t<\/div>\n\t\t\t\t<\/div>\n\t\t\t\t\t<\/div>\n\t\t\t\t<\/div>\n\t\t<div class=\"elementor-element elementor-element-94851e0 e-flex e-con-boxed e-con e-child\" data-id=\"94851e0\" data-element_type=\"container\" data-e-type=\"container\">\n\t\t\t\t\t<div class=\"e-con-inner\">\n\t\t\t\t<div class=\"elementor-element elementor-element-c7760fa elementor-widget elementor-widget-button\" data-id=\"c7760fa\" data-element_type=\"widget\" data-e-type=\"widget\" data-widget_type=\"button.default\">\n\t\t\t\t<div class=\"elementor-widget-container\">\n\t\t\t\t\t\t\t\t\t<div class=\"elementor-button-wrapper\">\n\t\t\t\t\t<a class=\"elementor-button elementor-button-link elementor-size-sm elementor-animation-grow\" href=\"https:\/\/sprintecloud.sprinte.eu\" target=\"_blank\">\n\t\t\t\t\t\t<span class=\"elementor-button-content-wrapper\">\n\t\t\t\t\t\t\t\t\t<span class=\"elementor-button-text\">Se connecter<\/span>\n\t\t\t\t\t<\/span>\n\t\t\t\t\t<\/a>\n\t\t\t\t<\/div>\n\t\t\t\t\t\t\t\t<\/div>\n\t\t\t\t<\/div>\n\t\t\t\t\t<\/div>\n\t\t\t\t<\/div>\n\t\t<div class=\"elementor-element elementor-element-a38c495 e-con-full e-flex e-con e-child\" data-id=\"a38c495\" data-element_type=\"container\" data-e-type=\"container\">\n\t\t\t\t<div class=\"elementor-element elementor-element-5d9d382 elementor-widget elementor-widget-heading\" data-id=\"5d9d382\" data-element_type=\"widget\" data-e-type=\"widget\" data-widget_type=\"heading.default\">\n\t\t\t\t<div class=\"elementor-widget-container\">\n\t\t\t\t\t<h2 class=\"elementor-heading-title elementor-size-default\"><a href=\"https:\/\/www.sprinte.eu\/lift\/index.php\/devenir-client\/\">Je n'ai pas de compte<\/a><\/h2>\t\t\t\t<\/div>\n\t\t\t\t<\/div>\n\t\t\t\t<\/div>\n\t\t<div class=\"elementor-element elementor-element-f0cf92c e-con-full e-flex e-con e-child\" data-id=\"f0cf92c\" data-element_type=\"container\" data-e-type=\"container\" data-settings=\"{&quot;background_background&quot;:&quot;classic&quot;}\">\n\t\t\t\t<\/div>\n\t\t\t\t<\/div>\n\t\t<div class=\"elementor-element elementor-element-af03044 e-con-full elementor-hidden-desktop elementor-hidden-mobile e-flex e-con e-parent\" data-id=\"af03044\" data-element_type=\"container\" data-e-type=\"container\">\n\t\t<div class=\"elementor-element elementor-element-865ed63 e-con-full e-flex e-con e-child\" data-id=\"865ed63\" data-element_type=\"container\" data-e-type=\"container\" data-settings=\"{&quot;background_background&quot;:&quot;classic&quot;}\">\n\t\t<div class=\"elementor-element elementor-element-edf7bfc e-con-full e-flex e-con e-child\" data-id=\"edf7bfc\" data-element_type=\"container\" data-e-type=\"container\">\n\t\t\t\t<div class=\"elementor-element elementor-element-645b1bf elementor-widget elementor-widget-heading\" data-id=\"645b1bf\" data-element_type=\"widget\" data-e-type=\"widget\" data-widget_type=\"heading.default\">\n\t\t\t\t<div class=\"elementor-widget-container\">\n\t\t\t\t\t<h2 class=\"elementor-heading-title elementor-size-default\">Espace client<\/h2>\t\t\t\t<\/div>\n\t\t\t\t<\/div>\n\t\t\t\t<\/div>\n\t\t\t\t<\/div>\n\t\t<div class=\"elementor-element elementor-element-edd9fa2 e-flex e-con-boxed e-con e-child\" data-id=\"edd9fa2\" data-element_type=\"container\" data-e-type=\"container\">\n\t\t\t\t\t<div class=\"e-con-inner\">\n\t\t<div class=\"elementor-element elementor-element-cc5cd1b e-con-full e-flex e-con e-child\" data-id=\"cc5cd1b\" data-element_type=\"container\" data-e-type=\"container\">\n\t\t<div class=\"elementor-element elementor-element-536ee8e e-con-full e-flex e-con e-child\" data-id=\"536ee8e\" data-element_type=\"container\" data-e-type=\"container\">\n\t\t\t\t<\/div>\n\t\t<div class=\"elementor-element elementor-element-7e504fc e-con-full e-flex e-con e-child\" data-id=\"7e504fc\" data-element_type=\"container\" data-e-type=\"container\">\n\t\t\t\t<\/div>\n\t\t\t\t<\/div>\n\t\t<div class=\"elementor-element elementor-element-b61afb3 e-con-full e-flex e-con e-child\" data-id=\"b61afb3\" data-element_type=\"container\" data-e-type=\"container\">\n\t\t\t\t<div class=\"elementor-element elementor-element-4e3f430 elementor-widget elementor-widget-text-editor\" data-id=\"4e3f430\" data-element_type=\"widget\" data-e-type=\"widget\" data-widget_type=\"text-editor.default\">\n\t\t\t\t<div class=\"elementor-widget-container\">\n\t\t\t\t\t\t\t\t\t<h3 data-start=\"366\" data-end=\"751\"><b>Bienvenue dans l&rsquo;espace client.<\/b><\/h3>\t\t\t\t\t\t\t\t<\/div>\n\t\t\t\t<\/div>\n\t\t<div class=\"elementor-element elementor-element-1c4cfbc e-con-full e-flex e-con e-child\" data-id=\"1c4cfbc\" data-element_type=\"container\" data-e-type=\"container\">\n\t\t\t\t<div class=\"elementor-element elementor-element-4e161c3 elementor-widget elementor-widget-text-editor\" data-id=\"4e161c3\" data-element_type=\"widget\" data-e-type=\"widget\" data-widget_type=\"text-editor.default\">\n\t\t\t\t<div class=\"elementor-widget-container\">\n\t\t\t\t\t\t\t\t\t<p data-start=\"366\" data-end=\"751\">Vous trouverez dans cette rubrique tous les manuels d&rsquo;installation et d&rsquo;utilisation, les DOE ainsi que les vid\u00e9os de formations.<\/p>\t\t\t\t\t\t\t\t<\/div>\n\t\t\t\t<\/div>\n\t\t\t\t<\/div>\n\t\t\t\t<\/div>\n\t\t\t\t\t<\/div>\n\t\t\t\t<\/div>\n\t\t<div class=\"elementor-element elementor-element-3141ccc e-flex e-con-boxed e-con e-child\" data-id=\"3141ccc\" data-element_type=\"container\" data-e-type=\"container\">\n\t\t\t\t\t<div class=\"e-con-inner\">\n\t\t\t\t<div class=\"elementor-element elementor-element-d1b3cf5 elementor-widget elementor-widget-button\" data-id=\"d1b3cf5\" data-element_type=\"widget\" data-e-type=\"widget\" data-widget_type=\"button.default\">\n\t\t\t\t<div class=\"elementor-widget-container\">\n\t\t\t\t\t\t\t\t\t<div class=\"elementor-button-wrapper\">\n\t\t\t\t\t<a class=\"elementor-button elementor-button-link elementor-size-sm elementor-animation-grow\" href=\"https:\/\/sprintecloud.sprinte.eu\">\n\t\t\t\t\t\t<span class=\"elementor-button-content-wrapper\">\n\t\t\t\t\t\t\t\t\t<span class=\"elementor-button-text\">Se connecter<\/span>\n\t\t\t\t\t<\/span>\n\t\t\t\t\t<\/a>\n\t\t\t\t<\/div>\n\t\t\t\t\t\t\t\t<\/div>\n\t\t\t\t<\/div>\n\t\t\t\t\t<\/div>\n\t\t\t\t<\/div>\n\t\t<div class=\"elementor-element elementor-element-2d3f5d9 e-con-full e-flex e-con e-child\" data-id=\"2d3f5d9\" data-element_type=\"container\" data-e-type=\"container\">\n\t\t\t\t<div class=\"elementor-element elementor-element-2920aba elementor-widget elementor-widget-heading\" data-id=\"2920aba\" data-element_type=\"widget\" data-e-type=\"widget\" data-widget_type=\"heading.default\">\n\t\t\t\t<div class=\"elementor-widget-container\">\n\t\t\t\t\t<h2 class=\"elementor-heading-title elementor-size-default\"><a href=\"https:\/\/www.sprinte.eu\/lift\/index.php\/devenir-client\/\">Je n'ai pas de compte<\/a><\/h2>\t\t\t\t<\/div>\n\t\t\t\t<\/div>\n\t\t\t\t<\/div>\n\t\t<div class=\"elementor-element elementor-element-bc8f457 e-con-full e-flex e-con e-child\" data-id=\"bc8f457\" data-element_type=\"container\" data-e-type=\"container\" data-settings=\"{&quot;background_background&quot;:&quot;classic&quot;}\">\n\t\t\t\t<\/div>\n\t\t\t\t<\/div>\n\t\t<div class=\"elementor-element elementor-element-fc66f5e e-con-full elementor-hidden-desktop elementor-hidden-tablet e-flex e-con e-parent\" data-id=\"fc66f5e\" data-element_type=\"container\" data-e-type=\"container\">\n\t\t<div class=\"elementor-element elementor-element-574ccb1 e-con-full e-flex e-con e-child\" data-id=\"574ccb1\" data-element_type=\"container\" data-e-type=\"container\" data-settings=\"{&quot;background_background&quot;:&quot;classic&quot;}\">\n\t\t<div class=\"elementor-element elementor-element-db666c4 e-con-full e-flex e-con e-child\" data-id=\"db666c4\" data-element_type=\"container\" data-e-type=\"container\">\n\t\t\t\t<div class=\"elementor-element elementor-element-daaf10b elementor-widget elementor-widget-heading\" data-id=\"daaf10b\" data-element_type=\"widget\" data-e-type=\"widget\" data-widget_type=\"heading.default\">\n\t\t\t\t<div class=\"elementor-widget-container\">\n\t\t\t\t\t<h2 class=\"elementor-heading-title elementor-size-default\">Nous d\u00e9couvrir<\/h2>\t\t\t\t<\/div>\n\t\t\t\t<\/div>\n\t\t\t\t<\/div>\n\t\t\t\t<\/div>\n\t\t<div class=\"elementor-element elementor-element-2355d65 e-flex e-con-boxed e-con e-child\" data-id=\"2355d65\" data-element_type=\"container\" data-e-type=\"container\">\n\t\t\t\t\t<div class=\"e-con-inner\">\n\t\t<div class=\"elementor-element elementor-element-0ca7325 e-con-full e-flex e-con e-child\" data-id=\"0ca7325\" data-element_type=\"container\" data-e-type=\"container\">\n\t\t\t\t<div class=\"elementor-element elementor-element-a9e85ed elementor-widget elementor-widget-text-editor\" data-id=\"a9e85ed\" data-element_type=\"widget\" data-e-type=\"widget\" data-widget_type=\"text-editor.default\">\n\t\t\t\t<div class=\"elementor-widget-container\">\n\t\t\t\t\t\t\t\t\t<p data-start=\"366\" data-end=\"751\"><b>Bienvenue dans l&rsquo;espace client.<\/b><\/p>\t\t\t\t\t\t\t\t<\/div>\n\t\t\t\t<\/div>\n\t\t<div class=\"elementor-element elementor-element-f5e75ca e-con-full e-flex e-con e-child\" data-id=\"f5e75ca\" data-element_type=\"container\" data-e-type=\"container\">\n\t\t\t\t<div class=\"elementor-element elementor-element-6713067 elementor-widget elementor-widget-text-editor\" data-id=\"6713067\" data-element_type=\"widget\" data-e-type=\"widget\" data-widget_type=\"text-editor.default\">\n\t\t\t\t<div class=\"elementor-widget-container\">\n\t\t\t\t\t\t\t\t\t<p data-start=\"366\" data-end=\"751\">Vous trouverez dans cette rubrique tous les manuels d&rsquo;installation et d&rsquo;utilisation, les DOE ainsi que les vid\u00e9os de formations.<\/p>\t\t\t\t\t\t\t\t<\/div>\n\t\t\t\t<\/div>\n\t\t\t\t<\/div>\n\t\t\t\t<\/div>\n\t\t\t\t\t<\/div>\n\t\t\t\t<\/div>\n\t\t<div class=\"elementor-element elementor-element-f70056c e-flex e-con-boxed e-con e-child\" data-id=\"f70056c\" data-element_type=\"container\" data-e-type=\"container\">\n\t\t\t\t\t<div class=\"e-con-inner\">\n\t\t\t\t<div class=\"elementor-element elementor-element-2f331f7 elementor-widget elementor-widget-button\" data-id=\"2f331f7\" data-element_type=\"widget\" data-e-type=\"widget\" data-widget_type=\"button.default\">\n\t\t\t\t<div class=\"elementor-widget-container\">\n\t\t\t\t\t\t\t\t\t<div class=\"elementor-button-wrapper\">\n\t\t\t\t\t<a class=\"elementor-button elementor-button-link elementor-size-sm elementor-animation-grow\" href=\"https:\/\/sprintecloud.sprinte.eu\">\n\t\t\t\t\t\t<span class=\"elementor-button-content-wrapper\">\n\t\t\t\t\t\t\t\t\t<span class=\"elementor-button-text\">Se connecter<\/span>\n\t\t\t\t\t<\/span>\n\t\t\t\t\t<\/a>\n\t\t\t\t<\/div>\n\t\t\t\t\t\t\t\t<\/div>\n\t\t\t\t<\/div>\n\t\t\t\t\t<\/div>\n\t\t\t\t<\/div>\n\t\t<div class=\"elementor-element elementor-element-46b6ad3 e-con-full e-flex e-con e-child\" data-id=\"46b6ad3\" data-element_type=\"container\" data-e-type=\"container\">\n\t\t\t\t<div class=\"elementor-element elementor-element-4068f85 elementor-widget elementor-widget-heading\" data-id=\"4068f85\" data-element_type=\"widget\" data-e-type=\"widget\" data-widget_type=\"heading.default\">\n\t\t\t\t<div class=\"elementor-widget-container\">\n\t\t\t\t\t<h2 class=\"elementor-heading-title elementor-size-default\"><a href=\"https:\/\/www.sprinte.eu\/lift\/index.php\/devenir-client\/\">Je n'ai pas de compte<\/a><\/h2>\t\t\t\t<\/div>\n\t\t\t\t<\/div>\n\t\t\t\t<\/div>\n\t\t<div class=\"elementor-element elementor-element-9b89bb3 e-con-full e-flex e-con e-child\" data-id=\"9b89bb3\" data-element_type=\"container\" data-e-type=\"container\" data-settings=\"{&quot;background_background&quot;:&quot;classic&quot;}\">\n\t\t\t\t<\/div>\n\t\t\t\t<\/div>\n\t\t\t\t<\/div>\n\t\t","protected":false},"excerpt":{"rendered":"<p>Espace client Bienvenue dans l&rsquo;espace client. Vous trouverez dans cette rubrique tous les manuels d&rsquo;installation et d&rsquo;utilisation, les DOE ainsi que les vid\u00e9os de formations. Se connecter Je n&rsquo;ai pas de compte Espace client Bienvenue dans l&rsquo;espace client. Vous trouverez dans cette rubrique tous les manuels d&rsquo;installation et d&rsquo;utilisation, les DOE ainsi que les vid\u00e9os [&hellip;]<\/p>\n","protected":false},"author":1,"featured_media":0,"parent":0,"menu_order":0,"comment_status":"closed","ping_status":"closed","template":"","meta":{"footnotes":""},"class_list":["post-7040","page","type-page","status-publish","hentry"],"yoast_head":"<!-- This site is optimized with the Yoast SEO plugin v27.0 - https:\/\/yoast.com\/product\/yoast-seo-wordpress\/ -->\n<title>Connectez vous \u00e0 votre espace client<\/title>\n<meta name=\"description\" content=\"Connectez-vous \u00e0 votre compte client SPRINTE pour consulter la documentation technique et acc\u00e9der \u00e0 notre boutique en ligne.\" \/>\n<meta name=\"robots\" content=\"index, follow, max-snippet:-1, max-image-preview:large, max-video-preview:-1\" \/>\n<link rel=\"canonical\" href=\"https:\/\/www.sprinte.eu\/lift\/index.php\/espace-client\/\" \/>\n<meta property=\"og:locale\" content=\"fr_FR\" \/>\n<meta property=\"og:type\" content=\"article\" \/>\n<meta property=\"og:title\" content=\"Connectez vous \u00e0 votre espace client\" \/>\n<meta property=\"og:description\" content=\"Connectez-vous \u00e0 votre compte client SPRINTE pour consulter la documentation technique et acc\u00e9der \u00e0 notre boutique en ligne.\" \/>\n<meta property=\"og:url\" content=\"https:\/\/www.sprinte.eu\/lift\/index.php\/espace-client\/\" \/>\n<meta property=\"og:site_name\" content=\"Sprinte - Solutions pour ascenseurs\" \/>\n<meta property=\"article:modified_time\" content=\"2026-03-16T15:56:14+00:00\" \/>\n<meta name=\"twitter:card\" content=\"summary_large_image\" \/>\n<meta name=\"twitter:label1\" content=\"Dur\u00e9e de lecture estim\u00e9e\" \/>\n\t<meta name=\"twitter:data1\" content=\"1 minute\" \/>\n<script type=\"application\/ld+json\" class=\"yoast-schema-graph\">{\"@context\":\"https:\/\/schema.org\",\"@graph\":[{\"@type\":\"WebPage\",\"@id\":\"https:\/\/www.sprinte.eu\/lift\/index.php\/espace-client\/\",\"url\":\"https:\/\/www.sprinte.eu\/lift\/index.php\/espace-client\/\",\"name\":\"Connectez vous \u00e0 votre espace client\",\"isPartOf\":{\"@id\":\"https:\/\/www.sprinte.eu\/lift\/#website\"},\"datePublished\":\"2025-11-03T08:38:36+00:00\",\"dateModified\":\"2026-03-16T15:56:14+00:00\",\"description\":\"Connectez-vous \u00e0 votre compte client SPRINTE pour consulter la documentation technique et acc\u00e9der \u00e0 notre boutique en ligne.\",\"breadcrumb\":{\"@id\":\"https:\/\/www.sprinte.eu\/lift\/index.php\/espace-client\/#breadcrumb\"},\"inLanguage\":\"fr-FR\",\"potentialAction\":[{\"@type\":\"ReadAction\",\"target\":[\"https:\/\/www.sprinte.eu\/lift\/index.php\/espace-client\/\"]}]},{\"@type\":\"BreadcrumbList\",\"@id\":\"https:\/\/www.sprinte.eu\/lift\/index.php\/espace-client\/#breadcrumb\",\"itemListElement\":[{\"@type\":\"ListItem\",\"position\":1,\"name\":\"Accueil\",\"item\":\"https:\/\/www.sprinte.eu\/lift\/\"},{\"@type\":\"ListItem\",\"position\":2,\"name\":\"Espace client\"}]},{\"@type\":\"WebSite\",\"@id\":\"https:\/\/www.sprinte.eu\/lift\/#website\",\"url\":\"https:\/\/www.sprinte.eu\/lift\/\",\"name\":\"Sprinte - Solutions pour ascenseurs\",\"description\":\"\",\"publisher\":{\"@id\":\"https:\/\/www.sprinte.eu\/lift\/#organization\"},\"potentialAction\":[{\"@type\":\"SearchAction\",\"target\":{\"@type\":\"EntryPoint\",\"urlTemplate\":\"https:\/\/www.sprinte.eu\/lift\/?s={search_term_string}\"},\"query-input\":{\"@type\":\"PropertyValueSpecification\",\"valueRequired\":true,\"valueName\":\"search_term_string\"}}],\"inLanguage\":\"fr-FR\"},{\"@type\":\"Organization\",\"@id\":\"https:\/\/www.sprinte.eu\/lift\/#organization\",\"name\":\"Sprinte - Solutions pour ascenseurs\",\"url\":\"https:\/\/www.sprinte.eu\/lift\/\",\"logo\":{\"@type\":\"ImageObject\",\"inLanguage\":\"fr-FR\",\"@id\":\"https:\/\/www.sprinte.eu\/lift\/#\/schema\/logo\/image\/\",\"url\":\"https:\/\/www.sprinte.eu\/lift\/wp-content\/uploads\/2024\/07\/new_logo_sprinte_vectoriel.png\",\"contentUrl\":\"https:\/\/www.sprinte.eu\/lift\/wp-content\/uploads\/2024\/07\/new_logo_sprinte_vectoriel.png\",\"width\":700,\"height\":135,\"caption\":\"Sprinte - Solutions pour ascenseurs\"},\"image\":{\"@id\":\"https:\/\/www.sprinte.eu\/lift\/#\/schema\/logo\/image\/\"}}]}<\/script>\n<!-- \/ Yoast SEO plugin. -->","yoast_head_json":{"title":"Connectez vous \u00e0 votre espace client","description":"Connectez-vous \u00e0 votre compte client SPRINTE pour consulter la documentation technique et acc\u00e9der \u00e0 notre boutique en ligne.","robots":{"index":"index","follow":"follow","max-snippet":"max-snippet:-1","max-image-preview":"max-image-preview:large","max-video-preview":"max-video-preview:-1"},"canonical":"https:\/\/www.sprinte.eu\/lift\/index.php\/espace-client\/","og_locale":"fr_FR","og_type":"article","og_title":"Connectez vous \u00e0 votre espace client","og_description":"Connectez-vous \u00e0 votre compte client SPRINTE pour consulter la documentation technique et acc\u00e9der \u00e0 notre boutique en ligne.","og_url":"https:\/\/www.sprinte.eu\/lift\/index.php\/espace-client\/","og_site_name":"Sprinte - Solutions pour ascenseurs","article_modified_time":"2026-03-16T15:56:14+00:00","twitter_card":"summary_large_image","twitter_misc":{"Dur\u00e9e de lecture estim\u00e9e":"1 minute"},"schema":{"@context":"https:\/\/schema.org","@graph":[{"@type":"WebPage","@id":"https:\/\/www.sprinte.eu\/lift\/index.php\/espace-client\/","url":"https:\/\/www.sprinte.eu\/lift\/index.php\/espace-client\/","name":"Connectez vous \u00e0 votre espace client","isPartOf":{"@id":"https:\/\/www.sprinte.eu\/lift\/#website"},"datePublished":"2025-11-03T08:38:36+00:00","dateModified":"2026-03-16T15:56:14+00:00","description":"Connectez-vous \u00e0 votre compte client SPRINTE pour consulter la documentation technique et acc\u00e9der \u00e0 notre boutique en ligne.","breadcrumb":{"@id":"https:\/\/www.sprinte.eu\/lift\/index.php\/espace-client\/#breadcrumb"},"inLanguage":"fr-FR","potentialAction":[{"@type":"ReadAction","target":["https:\/\/www.sprinte.eu\/lift\/index.php\/espace-client\/"]}]},{"@type":"BreadcrumbList","@id":"https:\/\/www.sprinte.eu\/lift\/index.php\/espace-client\/#breadcrumb","itemListElement":[{"@type":"ListItem","position":1,"name":"Accueil","item":"https:\/\/www.sprinte.eu\/lift\/"},{"@type":"ListItem","position":2,"name":"Espace client"}]},{"@type":"WebSite","@id":"https:\/\/www.sprinte.eu\/lift\/#website","url":"https:\/\/www.sprinte.eu\/lift\/","name":"Sprinte - Solutions pour ascenseurs","description":"","publisher":{"@id":"https:\/\/www.sprinte.eu\/lift\/#organization"},"potentialAction":[{"@type":"SearchAction","target":{"@type":"EntryPoint","urlTemplate":"https:\/\/www.sprinte.eu\/lift\/?s={search_term_string}"},"query-input":{"@type":"PropertyValueSpecification","valueRequired":true,"valueName":"search_term_string"}}],"inLanguage":"fr-FR"},{"@type":"Organization","@id":"https:\/\/www.sprinte.eu\/lift\/#organization","name":"Sprinte - Solutions pour ascenseurs","url":"https:\/\/www.sprinte.eu\/lift\/","logo":{"@type":"ImageObject","inLanguage":"fr-FR","@id":"https:\/\/www.sprinte.eu\/lift\/#\/schema\/logo\/image\/","url":"https:\/\/www.sprinte.eu\/lift\/wp-content\/uploads\/2024\/07\/new_logo_sprinte_vectoriel.png","contentUrl":"https:\/\/www.sprinte.eu\/lift\/wp-content\/uploads\/2024\/07\/new_logo_sprinte_vectoriel.png","width":700,"height":135,"caption":"Sprinte - Solutions pour ascenseurs"},"image":{"@id":"https:\/\/www.sprinte.eu\/lift\/#\/schema\/logo\/image\/"}}]}},"_links":{"self":[{"href":"https:\/\/www.sprinte.eu\/lift\/index.php\/wp-json\/wp\/v2\/pages\/7040","targetHints":{"allow":["GET"]}}],"collection":[{"href":"https:\/\/www.sprinte.eu\/lift\/index.php\/wp-json\/wp\/v2\/pages"}],"about":[{"href":"https:\/\/www.sprinte.eu\/lift\/index.php\/wp-json\/wp\/v2\/types\/page"}],"author":[{"embeddable":true,"href":"https:\/\/www.sprinte.eu\/lift\/index.php\/wp-json\/wp\/v2\/users\/1"}],"replies":[{"embeddable":true,"href":"https:\/\/www.sprinte.eu\/lift\/index.php\/wp-json\/wp\/v2\/comments?post=7040"}],"version-history":[{"count":80,"href":"https:\/\/www.sprinte.eu\/lift\/index.php\/wp-json\/wp\/v2\/pages\/7040\/revisions"}],"predecessor-version":[{"id":10918,"href":"https:\/\/www.sprinte.eu\/lift\/index.php\/wp-json\/wp\/v2\/pages\/7040\/revisions\/10918"}],"wp:attachment":[{"href":"https:\/\/www.sprinte.eu\/lift\/index.php\/wp-json\/wp\/v2\/media?parent=7040"}],"curies":[{"name":"wp","href":"https:\/\/api.w.org\/{rel}","templated":true}]}}