{"id":1913,"date":"2024-07-15T11:34:30","date_gmt":"2024-07-15T09:34:30","guid":{"rendered":"http:\/\/192.168.99.250\/lift\/?page_id=1913"},"modified":"2026-03-16T16:55:44","modified_gmt":"2026-03-16T15:55:44","slug":"docs-fr","status":"publish","type":"page","link":"https:\/\/www.sprinte.eu\/lift\/index.php\/docs-fr\/","title":{"rendered":"Documentations"},"content":{"rendered":"\t\t<div data-elementor-type=\"wp-page\" data-elementor-id=\"1913\" class=\"elementor elementor-1913\" data-elementor-post-type=\"page\">\n\t\t\t\t<div class=\"elementor-element elementor-element-c172574 e-flex e-con-boxed e-con e-parent\" data-id=\"c172574\" data-element_type=\"container\" data-e-type=\"container\">\n\t\t\t\t\t<div class=\"e-con-inner\">\n\t\t\t\t\t<\/div>\n\t\t\t\t<\/div>\n\t\t<div class=\"elementor-element elementor-element-3bf73da e-flex e-con-boxed e-con e-parent\" data-id=\"3bf73da\" data-element_type=\"container\" data-e-type=\"container\">\n\t\t\t\t\t<div class=\"e-con-inner\">\n\t\t\t\t<div class=\"elementor-element elementor-element-e146528 elementor-widget elementor-widget-wpfd_choose_category\" data-id=\"e146528\" data-element_type=\"widget\" data-e-type=\"widget\" data-widget_type=\"wpfd_choose_category.default\">\n\t\t\t\t<div class=\"elementor-widget-container\">\n\t\t\t\t\t<div id=\"wpfd-elementor-category\" class=\"wpfd-elementor-category\"><script type=\"text\/x-handlebars-template\"        id=\"wpfd-template-table-categories-164\">    <div class=\"wpfd-categories \">{{#if category}}{{#with category}}{{#if parent}}<a class=\"catlink backcategory\" href=\"#\" data-idcat=\"{{parent}}\">                        <i class=\"zmdi zmdi-chevron-left\"><\/i><span>Retour<\/span><\/a>{{\/if}}{{\/with}}{{\/if}}{{#if category.desc}}<div class=\"wpfd-category-desc\">{{category.desc}}<\/div>{{\/if}}{{#if categories}}{{#each categories}}<a class=\"wpfdcategory catlink \" style=\"margin : 10px 10px 10px 10px;\" href=\"#\" data-idcat=\"{{termID}}\" title=\"{{name}}\">                                <span>{{name}}<\/span><i class=\"zmdi zmdi-folder wpfd-folder\" style=\"color: {{color}}\"><\/i>                            <\/a>{{\/each}}{{\/if}}<div class=\"wpfdcategory_placeholder\" style=\"margin : 0 10px 0 10px;\"><\/div><div class=\"wpfdcategory_placeholder\" style=\"margin : 0 10px 0 10px;\"><\/div><div class=\"wpfdcategory_placeholder\" style=\"margin : 0 10px 0 10px;\"><\/div><\/div><\/script><script type=\"text\/x-handlebars-template\" id=\"wpfd-template-table-164\">    {{#if files}}    {{#each files}}    <tr class=\"file {{class}} {{ext}}\" data-id=\"{{ID}}\" data-catid=\"{{catid}}\">        <input type=\"hidden\" class=\"wpfd_file_preview_link_download\" value=\"{{linkdownload}}\" data-filetitle=\"{{post_title}}\" data-fileicons=\"ext ext-{{ext}} wpfd-icon-set-png\" \/>    <td class=\"file_title\"><label class=\"wpfd_checkbox\"><input class=\"cbox_file_download\" type=\"checkbox\" data-id=\"{{ID}}\" \/><span><\/span><\/label><a class=\"wpfd_downloadlink\" href=\"{{linkdownload}}\"  rel=\"nofollow\"  title=\"{{post_title}}\" target=\"{{#if remote_file}}_blank{{\/if}}\"><span class=\"extcol\">{{#if file_custom_icon}}<span class=\"icon-custom\"><img decoding=\"async\" src=\"{{file_custom_icon}}\"><\/span>{{else}}<span class=\"ext ext-{{ext}} wpfd-icon-set-png\"><\/span>{{\/if}}<\/span><span class=\"wpfd-file-crop-title\">{{{crop_title}}}<\/span><\/a><\/td>                    <td class=\"col-download\">                <a class=\"downloadlink wpfd_downloadlink\"  href=\"{{linkdownload}}\"  rel=\"nofollow\"  style=\"background-color:rgba(60, 191, 239, 1);color:#ffffff;\" target=\"{{#if remote_file}}_blank{{\/if}}\">T\u00e9l\u00e9charger<i class=\"zmdi zmdi-cloud-download wpfd-download\"><\/i><\/a>            <\/td>            <\/tr>    {{\/each}}    {{\/if}}<\/script><div class=\"wpfd-content wpfd-content-table wpfd-content-multi colstyle\" data-category=\"164\"              style=\"background-color: #ffffff;\"><input type=\"hidden\" id=\"current_category_164\" value=\"164\" \/>                    <input type=\"hidden\" id=\"current_category_slug_164\" value=\"sprinte\" \/>                    <input type=\"hidden\" id=\"current_ordering_164\" value=\"created_time\" \/>                    <input type=\"hidden\" id=\"current_ordering_direction_164\" value=\"desc\" \/>                    <input type=\"hidden\" id=\"page_limit_164\" value=\"10\" \/><input type=\"hidden\" id=\"wpfd_display_empty_category_message\" value=\"0\" \/><input type=\"hidden\" id=\"wpfd_empty_category_message_val\" value=\"This file category has no files to display\" \/><input type=\"hidden\" id=\"wpfd_display_empty_folder\" value=\"0\" \/><input type=\"hidden\" id=\"wpfd_is_empty_subcategories\" value=\"1\" \/><input type=\"hidden\" id=\"wpfd_is_empty_files\" value=\"1\" \/><input type=\"hidden\" id=\"wpfd_root_category_id\" class=\"wpfd_root_category_id\" value=\"164\" \/><input type=\"hidden\" id=\"wpfd_root_category_theme\" class=\"wpfd_root_category_theme\" value=\"table\" \/><input type=\"hidden\" id=\"wpfd_root_category_clone_theme_type\" class=\"wpfd_root_category_clone_theme_type\" value=\"none\" \/><input type=\"hidden\" id=\"wpfd_root_category_type\" class=\"wpfd_root_category_type\" value=\"164\" \/><a data-catid=\"\" class=\"table-download-category display-download-category\" href=\"https:\/\/www.sprinte.eu\/lift\/index.php\/download\/wpfdcat\/164\/sprinte\">Tout t\u00e9l\u00e9charger                                <i class=\"zmdi zmdi-check-all wpfd-download-category\"><\/i>                            <\/a><ul class=\"breadcrumbs wpfd-breadcrumbs-table head-category-table\">                            <li class=\"active\">SPRINTE<\/li>                        <\/ul><div class=\"wpfd-container show_breadcrumb show_subcategories folder-tree-left\">    <div class=\"wpfd-foldertree wpfd-foldertree-table foldertree-hide\"><\/div>    <div class=\"wpfd-open-tree\"><\/div>    <div class=\"wpfd-container-table  with_foldertree  wpfd-table-hidden\">        <div class=\"wpfd-categories \"><div class=\"wpfd-category-desc\"><\/div><a class=\"wpfdcategory catlink\" style=\"margin : 10px 10px 10px 10px;\" href=\"#\"                                   data-idcat=\"173\"                                   title=\"FR\">                                    <span>FR<\/span>                                    <i class=\"zmdi zmdi-folder wpfd-folder\" style=\"color: \"><\/i>                                <\/a><a class=\"wpfdcategory catlink\" style=\"margin : 10px 10px 10px 10px;\" href=\"#\"                                   data-idcat=\"174\"                                   title=\"EN\">                                    <span>EN<\/span>                                    <i class=\"zmdi zmdi-folder wpfd-folder\" style=\"color: \"><\/i>                                <\/a><a class=\"wpfdcategory catlink\" style=\"margin : 10px 10px 10px 10px;\" href=\"#\"                                   data-idcat=\"175\"                                   title=\"ES\">                                    <span>ES<\/span>                                    <i class=\"zmdi zmdi-folder wpfd-folder\" style=\"color: \"><\/i>                                <\/a><div class=\"wpfdcategory_placeholder\" style=\"margin : 0 10px 0 10px;\"><\/div><div class=\"wpfdcategory_placeholder\" style=\"margin : 0 10px 0 10px;\"><\/div><div class=\"wpfdcategory_placeholder\" style=\"margin : 0 10px 0 10px;\"><\/div><input type=\"hidden\" id=\"wpfd_subcategories_hover_color\" class=\"wpfd_subcategories_hover_color\" value=\"\" \/><\/div>        <table class=\"wpfd-search-result wpfd-table wpfd-table-bordered wpfd-table-striped wpfd-table-0 mediaTable wpfd-theme-rows\">            <thead>                <tr>                    <th class=\"essential persist file_title\">Titre<\/th><th class=\"essential file_download file_download_tbl\">T\u00e9l\u00e9charger<\/th>                <\/tr>            <\/thead>            <tbody>                        <\/tbody>        <\/table>            <\/div><\/div><\/div><\/div>\t\t\t\t<\/div>\n\t\t\t\t<\/div>\n\t\t\t\t\t<\/div>\n\t\t\t\t<\/div>\n\t\t\t\t<\/div>\n\t\t","protected":false},"excerpt":{"rendered":"<p>Tout t\u00e9l\u00e9charger SPRINTE FR EN ES Titre T\u00e9l\u00e9charger<\/p>\n","protected":false},"author":1,"featured_media":0,"parent":0,"menu_order":0,"comment_status":"closed","ping_status":"closed","template":"","meta":{"footnotes":""},"class_list":["post-1913","page","type-page","status-publish","hentry"],"yoast_head":"<!-- This site is optimized with the Yoast SEO plugin v27.0 - https:\/\/yoast.com\/product\/yoast-seo-wordpress\/ -->\n<title>Acc\u00e8s aux documentations<\/title>\n<meta name=\"description\" content=\"Consultez l\u2019espace documentation Sprinte et t\u00e9l\u00e9chargez fiches techniques et documents utiles pour les professionnels de l\u2019ascenseur.\" \/>\n<meta name=\"robots\" content=\"index, follow, max-snippet:-1, max-image-preview:large, max-video-preview:-1\" \/>\n<link rel=\"canonical\" href=\"https:\/\/www.sprinte.eu\/lift\/index.php\/docs-fr\/\" \/>\n<meta property=\"og:locale\" content=\"fr_FR\" \/>\n<meta property=\"og:type\" content=\"article\" \/>\n<meta property=\"og:title\" content=\"Acc\u00e8s aux documentations\" \/>\n<meta property=\"og:description\" content=\"Consultez l\u2019espace documentation Sprinte et t\u00e9l\u00e9chargez fiches techniques et documents utiles pour les professionnels de l\u2019ascenseur.\" \/>\n<meta property=\"og:url\" content=\"https:\/\/www.sprinte.eu\/lift\/index.php\/docs-fr\/\" \/>\n<meta property=\"og:site_name\" content=\"Sprinte - Solutions pour ascenseurs\" \/>\n<meta property=\"article:modified_time\" content=\"2026-03-16T15:55:44+00:00\" \/>\n<meta name=\"twitter:card\" content=\"summary_large_image\" \/>\n<meta name=\"twitter:label1\" content=\"Dur\u00e9e de lecture estim\u00e9e\" \/>\n\t<meta name=\"twitter:data1\" content=\"1 minute\" \/>\n<script type=\"application\/ld+json\" class=\"yoast-schema-graph\">{\"@context\":\"https:\/\/schema.org\",\"@graph\":[{\"@type\":\"WebPage\",\"@id\":\"https:\/\/www.sprinte.eu\/lift\/index.php\/docs-fr\/\",\"url\":\"https:\/\/www.sprinte.eu\/lift\/index.php\/docs-fr\/\",\"name\":\"Acc\u00e8s aux documentations\",\"isPartOf\":{\"@id\":\"https:\/\/www.sprinte.eu\/lift\/#website\"},\"datePublished\":\"2024-07-15T09:34:30+00:00\",\"dateModified\":\"2026-03-16T15:55:44+00:00\",\"description\":\"Consultez l\u2019espace documentation Sprinte et t\u00e9l\u00e9chargez fiches techniques et documents utiles pour les professionnels de l\u2019ascenseur.\",\"breadcrumb\":{\"@id\":\"https:\/\/www.sprinte.eu\/lift\/index.php\/docs-fr\/#breadcrumb\"},\"inLanguage\":\"fr-FR\",\"potentialAction\":[{\"@type\":\"ReadAction\",\"target\":[\"https:\/\/www.sprinte.eu\/lift\/index.php\/docs-fr\/\"]}]},{\"@type\":\"BreadcrumbList\",\"@id\":\"https:\/\/www.sprinte.eu\/lift\/index.php\/docs-fr\/#breadcrumb\",\"itemListElement\":[{\"@type\":\"ListItem\",\"position\":1,\"name\":\"Accueil\",\"item\":\"https:\/\/www.sprinte.eu\/lift\/\"},{\"@type\":\"ListItem\",\"position\":2,\"name\":\"Documentations\"}]},{\"@type\":\"WebSite\",\"@id\":\"https:\/\/www.sprinte.eu\/lift\/#website\",\"url\":\"https:\/\/www.sprinte.eu\/lift\/\",\"name\":\"Sprinte - Solutions pour ascenseurs\",\"description\":\"\",\"publisher\":{\"@id\":\"https:\/\/www.sprinte.eu\/lift\/#organization\"},\"potentialAction\":[{\"@type\":\"SearchAction\",\"target\":{\"@type\":\"EntryPoint\",\"urlTemplate\":\"https:\/\/www.sprinte.eu\/lift\/?s={search_term_string}\"},\"query-input\":{\"@type\":\"PropertyValueSpecification\",\"valueRequired\":true,\"valueName\":\"search_term_string\"}}],\"inLanguage\":\"fr-FR\"},{\"@type\":\"Organization\",\"@id\":\"https:\/\/www.sprinte.eu\/lift\/#organization\",\"name\":\"Sprinte - Solutions pour ascenseurs\",\"url\":\"https:\/\/www.sprinte.eu\/lift\/\",\"logo\":{\"@type\":\"ImageObject\",\"inLanguage\":\"fr-FR\",\"@id\":\"https:\/\/www.sprinte.eu\/lift\/#\/schema\/logo\/image\/\",\"url\":\"https:\/\/www.sprinte.eu\/lift\/wp-content\/uploads\/2024\/07\/new_logo_sprinte_vectoriel.png\",\"contentUrl\":\"https:\/\/www.sprinte.eu\/lift\/wp-content\/uploads\/2024\/07\/new_logo_sprinte_vectoriel.png\",\"width\":700,\"height\":135,\"caption\":\"Sprinte - Solutions pour ascenseurs\"},\"image\":{\"@id\":\"https:\/\/www.sprinte.eu\/lift\/#\/schema\/logo\/image\/\"}}]}<\/script>\n<!-- \/ Yoast SEO plugin. -->","yoast_head_json":{"title":"Acc\u00e8s aux documentations","description":"Consultez l\u2019espace documentation Sprinte et t\u00e9l\u00e9chargez fiches techniques et documents utiles pour les professionnels de l\u2019ascenseur.","robots":{"index":"index","follow":"follow","max-snippet":"max-snippet:-1","max-image-preview":"max-image-preview:large","max-video-preview":"max-video-preview:-1"},"canonical":"https:\/\/www.sprinte.eu\/lift\/index.php\/docs-fr\/","og_locale":"fr_FR","og_type":"article","og_title":"Acc\u00e8s aux documentations","og_description":"Consultez l\u2019espace documentation Sprinte et t\u00e9l\u00e9chargez fiches techniques et documents utiles pour les professionnels de l\u2019ascenseur.","og_url":"https:\/\/www.sprinte.eu\/lift\/index.php\/docs-fr\/","og_site_name":"Sprinte - Solutions pour ascenseurs","article_modified_time":"2026-03-16T15:55:44+00:00","twitter_card":"summary_large_image","twitter_misc":{"Dur\u00e9e de lecture estim\u00e9e":"1 minute"},"schema":{"@context":"https:\/\/schema.org","@graph":[{"@type":"WebPage","@id":"https:\/\/www.sprinte.eu\/lift\/index.php\/docs-fr\/","url":"https:\/\/www.sprinte.eu\/lift\/index.php\/docs-fr\/","name":"Acc\u00e8s aux documentations","isPartOf":{"@id":"https:\/\/www.sprinte.eu\/lift\/#website"},"datePublished":"2024-07-15T09:34:30+00:00","dateModified":"2026-03-16T15:55:44+00:00","description":"Consultez l\u2019espace documentation Sprinte et t\u00e9l\u00e9chargez fiches techniques et documents utiles pour les professionnels de l\u2019ascenseur.","breadcrumb":{"@id":"https:\/\/www.sprinte.eu\/lift\/index.php\/docs-fr\/#breadcrumb"},"inLanguage":"fr-FR","potentialAction":[{"@type":"ReadAction","target":["https:\/\/www.sprinte.eu\/lift\/index.php\/docs-fr\/"]}]},{"@type":"BreadcrumbList","@id":"https:\/\/www.sprinte.eu\/lift\/index.php\/docs-fr\/#breadcrumb","itemListElement":[{"@type":"ListItem","position":1,"name":"Accueil","item":"https:\/\/www.sprinte.eu\/lift\/"},{"@type":"ListItem","position":2,"name":"Documentations"}]},{"@type":"WebSite","@id":"https:\/\/www.sprinte.eu\/lift\/#website","url":"https:\/\/www.sprinte.eu\/lift\/","name":"Sprinte - Solutions pour ascenseurs","description":"","publisher":{"@id":"https:\/\/www.sprinte.eu\/lift\/#organization"},"potentialAction":[{"@type":"SearchAction","target":{"@type":"EntryPoint","urlTemplate":"https:\/\/www.sprinte.eu\/lift\/?s={search_term_string}"},"query-input":{"@type":"PropertyValueSpecification","valueRequired":true,"valueName":"search_term_string"}}],"inLanguage":"fr-FR"},{"@type":"Organization","@id":"https:\/\/www.sprinte.eu\/lift\/#organization","name":"Sprinte - Solutions pour ascenseurs","url":"https:\/\/www.sprinte.eu\/lift\/","logo":{"@type":"ImageObject","inLanguage":"fr-FR","@id":"https:\/\/www.sprinte.eu\/lift\/#\/schema\/logo\/image\/","url":"https:\/\/www.sprinte.eu\/lift\/wp-content\/uploads\/2024\/07\/new_logo_sprinte_vectoriel.png","contentUrl":"https:\/\/www.sprinte.eu\/lift\/wp-content\/uploads\/2024\/07\/new_logo_sprinte_vectoriel.png","width":700,"height":135,"caption":"Sprinte - Solutions pour ascenseurs"},"image":{"@id":"https:\/\/www.sprinte.eu\/lift\/#\/schema\/logo\/image\/"}}]}},"_links":{"self":[{"href":"https:\/\/www.sprinte.eu\/lift\/index.php\/wp-json\/wp\/v2\/pages\/1913","targetHints":{"allow":["GET"]}}],"collection":[{"href":"https:\/\/www.sprinte.eu\/lift\/index.php\/wp-json\/wp\/v2\/pages"}],"about":[{"href":"https:\/\/www.sprinte.eu\/lift\/index.php\/wp-json\/wp\/v2\/types\/page"}],"author":[{"embeddable":true,"href":"https:\/\/www.sprinte.eu\/lift\/index.php\/wp-json\/wp\/v2\/users\/1"}],"replies":[{"embeddable":true,"href":"https:\/\/www.sprinte.eu\/lift\/index.php\/wp-json\/wp\/v2\/comments?post=1913"}],"version-history":[{"count":228,"href":"https:\/\/www.sprinte.eu\/lift\/index.php\/wp-json\/wp\/v2\/pages\/1913\/revisions"}],"predecessor-version":[{"id":10915,"href":"https:\/\/www.sprinte.eu\/lift\/index.php\/wp-json\/wp\/v2\/pages\/1913\/revisions\/10915"}],"wp:attachment":[{"href":"https:\/\/www.sprinte.eu\/lift\/index.php\/wp-json\/wp\/v2\/media?parent=1913"}],"curies":[{"name":"wp","href":"https:\/\/api.w.org\/{rel}","templated":true}]}}